{"id":1753,"date":"2020-03-29T16:34:01","date_gmt":"2020-03-29T14:34:01","guid":{"rendered":"https:\/\/www.fluetjerhof.de\/team-fluetjerhof\/"},"modified":"2022-04-18T12:55:52","modified_gmt":"2022-04-18T10:55:52","slug":"team-fluetjerhof","status":"publish","type":"page","link":"https:\/\/www.fluetjerhof.de\/en\/team-fluetjerhof\/","title":{"rendered":"Team Fl\u00fctjerhof"},"content":{"rendered":"\t\t<div data-elementor-type=\"wp-page\" data-elementor-id=\"1753\" class=\"elementor elementor-1753 elementor-297\">\n\t\t\t\t\t\t<section class=\"elementor-section elementor-top-section elementor-element elementor-element-5a8afc8b elementor-section-content-middle elementor-section-boxed elementor-section-height-default elementor-section-height-default\" data-id=\"5a8afc8b\" data-element_type=\"section\" data-e-type=\"section\" data-settings=\"{&quot;background_background&quot;:&quot;classic&quot;}\">\n\t\t\t\t\t\t\t<div class=\"elementor-background-overlay\"><\/div>\n\t\t\t\t\t\t\t<div class=\"elementor-container elementor-column-gap-no\">\n\t\t\t\t\t<div class=\"elementor-column elementor-col-100 elementor-top-column elementor-element elementor-element-40361e3b\" data-id=\"40361e3b\" data-element_type=\"column\" data-e-type=\"column\">\n\t\t\t<div class=\"elementor-widget-wrap elementor-element-populated\">\n\t\t\t\t\t\t<div class=\"elementor-element elementor-element-159e7cee elementor-widget elementor-widget-heading\" data-id=\"159e7cee\" data-element_type=\"widget\" data-e-type=\"widget\" data-widget_type=\"heading.default\">\n\t\t\t\t<div class=\"elementor-widget-container\">\n\t\t\t\t\t<h1 class=\"elementor-heading-title elementor-size-default\">Team Fl\u00fctjerhof<\/h1>\t\t\t\t<\/div>\n\t\t\t\t<\/div>\n\t\t\t\t<div class=\"elementor-element elementor-element-66a3adcc elementor-hidden-tablet elementor-hidden-phone elementor-widget-divider--view-line elementor-widget elementor-widget-divider\" data-id=\"66a3adcc\" data-element_type=\"widget\" data-e-type=\"widget\" data-widget_type=\"divider.default\">\n\t\t\t\t<div class=\"elementor-widget-container\">\n\t\t\t\t\t\t\t<div class=\"elementor-divider\">\n\t\t\t<span class=\"elementor-divider-separator\">\n\t\t\t\t\t\t<\/span>\n\t\t<\/div>\n\t\t\t\t\t\t<\/div>\n\t\t\t\t<\/div>\n\t\t\t\t<div class=\"elementor-element elementor-element-5f2be7e6 elementor-widget elementor-widget-text-editor\" data-id=\"5f2be7e6\" data-element_type=\"widget\" data-e-type=\"widget\" data-widget_type=\"text-editor.default\">\n\t\t\t\t<div class=\"elementor-widget-container\">\n\t\t\t\t\t\t\t\t\t<p>We at Fl\u00fctjerhof<\/p>\t\t\t\t\t\t\t\t<\/div>\n\t\t\t\t<\/div>\n\t\t\t\t\t<\/div>\n\t\t<\/div>\n\t\t\t\t\t<\/div>\n\t\t<\/section>\n\t\t\t\t<section class=\"elementor-section elementor-top-section elementor-element elementor-element-1a450b0 elementor-section-content-middle elementor-section-boxed elementor-section-height-default elementor-section-height-default\" data-id=\"1a450b0\" data-element_type=\"section\" data-e-type=\"section\">\n\t\t\t\t\t\t<div class=\"elementor-container elementor-column-gap-default\">\n\t\t\t\t\t<div class=\"elementor-column elementor-col-25 elementor-top-column elementor-element elementor-element-41f41f0\" data-id=\"41f41f0\" data-element_type=\"column\" data-e-type=\"column\">\n\t\t\t<div class=\"elementor-widget-wrap elementor-element-populated\">\n\t\t\t\t\t\t<div class=\"elementor-element elementor-element-1f7603a elementor-widget elementor-widget-image\" data-id=\"1f7603a\" data-element_type=\"widget\" data-e-type=\"widget\" data-widget_type=\"image.default\">\n\t\t\t\t<div class=\"elementor-widget-container\">\n\t\t\t\t\t\t\t\t\t\t\t\t\t\t\t<img fetchpriority=\"high\" decoding=\"async\" width=\"300\" height=\"264\" src=\"https:\/\/www.fluetjerhof.de\/wp-content\/uploads\/2020\/03\/Ingo-mit-Tilda-und-Mia-auf-der-Varloser-300x264.png\" class=\"attachment-medium size-medium wp-image-1441\" alt=\"\" srcset=\"https:\/\/www.fluetjerhof.de\/wp-content\/uploads\/2020\/03\/Ingo-mit-Tilda-und-Mia-auf-der-Varloser-300x264.png 300w, https:\/\/www.fluetjerhof.de\/wp-content\/uploads\/2020\/03\/Ingo-mit-Tilda-und-Mia-auf-der-Varloser.png 431w\" sizes=\"(max-width: 300px) 100vw, 300px\" \/>\t\t\t\t\t\t\t\t\t\t\t\t\t\t\t<\/div>\n\t\t\t\t<\/div>\n\t\t\t\t<div class=\"elementor-element elementor-element-ec99bd3 elementor-widget elementor-widget-text-editor\" data-id=\"ec99bd3\" data-element_type=\"widget\" data-e-type=\"widget\" data-widget_type=\"text-editor.default\">\n\t\t\t\t<div class=\"elementor-widget-container\">\n\t\t\t\t\t\t\t\t\t<p>Ingo, the MacGyver of the Fl\u00fctjerhof. Ingo can do and repairs everything, is driving tractors. Ingo is employed at the local government, takes care of fire fighting vehicles and equipment . His friend is Nikki.<\/p>\t\t\t\t\t\t\t\t<\/div>\n\t\t\t\t<\/div>\n\t\t\t\t\t<\/div>\n\t\t<\/div>\n\t\t\t\t<div class=\"elementor-column elementor-col-25 elementor-top-column elementor-element elementor-element-a0ab909\" data-id=\"a0ab909\" data-element_type=\"column\" data-e-type=\"column\">\n\t\t\t<div class=\"elementor-widget-wrap elementor-element-populated\">\n\t\t\t\t\t\t<div class=\"elementor-element elementor-element-5bb2054 elementor-widget elementor-widget-image\" data-id=\"5bb2054\" data-element_type=\"widget\" data-e-type=\"widget\" data-widget_type=\"image.default\">\n\t\t\t\t<div class=\"elementor-widget-container\">\n\t\t\t\t\t\t\t\t\t\t\t\t\t\t\t<img decoding=\"async\" width=\"300\" height=\"225\" src=\"https:\/\/www.fluetjerhof.de\/wp-content\/uploads\/2020\/03\/Fluetjerhof_Pascal-mit-Tilda-beim-Melken-300x225.jpg\" class=\"attachment-medium size-medium wp-image-1473\" alt=\"\" srcset=\"https:\/\/www.fluetjerhof.de\/wp-content\/uploads\/2020\/03\/Fluetjerhof_Pascal-mit-Tilda-beim-Melken-300x225.jpg 300w, https:\/\/www.fluetjerhof.de\/wp-content\/uploads\/2020\/03\/Fluetjerhof_Pascal-mit-Tilda-beim-Melken-1024x768.jpg 1024w, https:\/\/www.fluetjerhof.de\/wp-content\/uploads\/2020\/03\/Fluetjerhof_Pascal-mit-Tilda-beim-Melken-768x576.jpg 768w, https:\/\/www.fluetjerhof.de\/wp-content\/uploads\/2020\/03\/Fluetjerhof_Pascal-mit-Tilda-beim-Melken-1536x1152.jpg 1536w, https:\/\/www.fluetjerhof.de\/wp-content\/uploads\/2020\/03\/Fluetjerhof_Pascal-mit-Tilda-beim-Melken.jpg 1600w\" sizes=\"(max-width: 300px) 100vw, 300px\" \/>\t\t\t\t\t\t\t\t\t\t\t\t\t\t\t<\/div>\n\t\t\t\t<\/div>\n\t\t\t\t<div class=\"elementor-element elementor-element-0022077 elementor-widget elementor-widget-text-editor\" data-id=\"0022077\" data-element_type=\"widget\" data-e-type=\"widget\" data-widget_type=\"text-editor.default\">\n\t\t\t\t<div class=\"elementor-widget-container\">\n\t\t\t\t\t\t\t\t\t<p>Pascal is learning to be a wholesale and foreign trade merchant. Pascal can milk, and was helping with the cows. He is our support when we drop out. His friend is Shadow.<\/p>\t\t\t\t\t\t\t\t<\/div>\n\t\t\t\t<\/div>\n\t\t\t\t\t<\/div>\n\t\t<\/div>\n\t\t\t\t<div class=\"elementor-column elementor-col-25 elementor-top-column elementor-element elementor-element-dd9d601\" data-id=\"dd9d601\" data-element_type=\"column\" data-e-type=\"column\">\n\t\t\t<div class=\"elementor-widget-wrap elementor-element-populated\">\n\t\t\t\t\t\t<div class=\"elementor-element elementor-element-6260678 elementor-widget elementor-widget-image\" data-id=\"6260678\" data-element_type=\"widget\" data-e-type=\"widget\" data-widget_type=\"image.default\">\n\t\t\t\t<div class=\"elementor-widget-container\">\n\t\t\t\t\t\t\t\t\t\t\t\t\t\t\t<img decoding=\"async\" width=\"225\" height=\"250\" src=\"https:\/\/www.fluetjerhof.de\/wp-content\/uploads\/2020\/03\/Fluetjerhof_Dransfeld_Irish-Cob-Mimi_Jagdsprung.jpg\" class=\"attachment-medium size-medium wp-image-1477\" alt=\"\" \/>\t\t\t\t\t\t\t\t\t\t\t\t\t\t\t<\/div>\n\t\t\t\t<\/div>\n\t\t\t\t<div class=\"elementor-element elementor-element-768a802 elementor-widget elementor-widget-text-editor\" data-id=\"768a802\" data-element_type=\"widget\" data-e-type=\"widget\" data-widget_type=\"text-editor.default\">\n\t\t\t\t<div class=\"elementor-widget-container\">\n\t\t\t\t\t\t\t\t\t<p>Mimi has a Bachelor of Engineering and passed her further training as a test engineer. Mimi takes care of the horses and support, too, when we drop out. Her friend is Cassi.<\/p>\t\t\t\t\t\t\t\t<\/div>\n\t\t\t\t<\/div>\n\t\t\t\t\t<\/div>\n\t\t<\/div>\n\t\t\t\t<div class=\"elementor-column elementor-col-25 elementor-top-column elementor-element elementor-element-86aa49e\" data-id=\"86aa49e\" data-element_type=\"column\" data-e-type=\"column\">\n\t\t\t<div class=\"elementor-widget-wrap elementor-element-populated\">\n\t\t\t\t\t\t<div class=\"elementor-element elementor-element-7540534 elementor-widget elementor-widget-image\" data-id=\"7540534\" data-element_type=\"widget\" data-e-type=\"widget\" data-widget_type=\"image.default\">\n\t\t\t\t<div class=\"elementor-widget-container\">\n\t\t\t\t\t\t\t\t\t\t\t\t\t\t\t<img loading=\"lazy\" decoding=\"async\" width=\"225\" height=\"300\" src=\"https:\/\/www.fluetjerhof.de\/wp-content\/uploads\/2020\/03\/Fluetjerhofe_Hannoveraner-liegt_Maren-kuschelt-225x300.jpg\" class=\"attachment-medium size-medium wp-image-1483\" alt=\"\" srcset=\"https:\/\/www.fluetjerhof.de\/wp-content\/uploads\/2020\/03\/Fluetjerhofe_Hannoveraner-liegt_Maren-kuschelt-225x300.jpg 225w, https:\/\/www.fluetjerhof.de\/wp-content\/uploads\/2020\/03\/Fluetjerhofe_Hannoveraner-liegt_Maren-kuschelt-768x1024.jpg 768w, https:\/\/www.fluetjerhof.de\/wp-content\/uploads\/2020\/03\/Fluetjerhofe_Hannoveraner-liegt_Maren-kuschelt-1152x1536.jpg 1152w, https:\/\/www.fluetjerhof.de\/wp-content\/uploads\/2020\/03\/Fluetjerhofe_Hannoveraner-liegt_Maren-kuschelt.jpg 1200w\" sizes=\"(max-width: 225px) 100vw, 225px\" \/>\t\t\t\t\t\t\t\t\t\t\t\t\t\t\t<\/div>\n\t\t\t\t<\/div>\n\t\t\t\t<div class=\"elementor-element elementor-element-bbb2ca9 elementor-widget elementor-widget-text-editor\" data-id=\"bbb2ca9\" data-element_type=\"widget\" data-e-type=\"widget\" data-widget_type=\"text-editor.default\">\n\t\t\t\t<div class=\"elementor-widget-container\">\n\t\t\t\t\t\t\t\t\t<p>Maren works in a global company in the office as a clerk. She likes to laugh. Her friend is Tilda &#8211; and of course she loves Priceless more than anything.<\/p>\t\t\t\t\t\t\t\t<\/div>\n\t\t\t\t<\/div>\n\t\t\t\t\t<\/div>\n\t\t<\/div>\n\t\t\t\t\t<\/div>\n\t\t<\/section>\n\t\t\t\t<\/div>\n\t\t","protected":false},"excerpt":{"rendered":"<p>Team Fl\u00fctjerhof We at Fl\u00fctjerhof Ingo, the MacGyver of the Fl\u00fctjerhof. Ingo can do and repairs everything, is driving tractors. Ingo is employed at the local government, takes care of fire fighting vehicles and equipment . His friend is Nikki. Pascal is learning to be a wholesale and foreign trade merchant. Pascal can milk, and [&hellip;]<\/p>\n","protected":false},"author":1,"featured_media":0,"parent":0,"menu_order":0,"comment_status":"closed","ping_status":"closed","template":"elementor_header_footer","meta":{"ocean_post_layout":"","ocean_both_sidebars_style":"","ocean_both_sidebars_content_width":0,"ocean_both_sidebars_sidebars_width":0,"ocean_sidebar":"","ocean_second_sidebar":"","ocean_disable_margins":"enable","ocean_add_body_class":"","ocean_shortcode_before_top_bar":"","ocean_shortcode_after_top_bar":"","ocean_shortcode_before_header":"","ocean_shortcode_after_header":"","ocean_has_shortcode":"","ocean_shortcode_after_title":"","ocean_shortcode_before_footer_widgets":"","ocean_shortcode_after_footer_widgets":"","ocean_shortcode_before_footer_bottom":"","ocean_shortcode_after_footer_bottom":"","ocean_display_top_bar":"default","ocean_display_header":"default","ocean_header_style":"","ocean_center_header_left_menu":"","ocean_custom_header_template":"","ocean_custom_logo":0,"ocean_custom_retina_logo":0,"ocean_custom_logo_max_width":0,"ocean_custom_logo_tablet_max_width":0,"ocean_custom_logo_mobile_max_width":0,"ocean_custom_logo_max_height":0,"ocean_custom_logo_tablet_max_height":0,"ocean_custom_logo_mobile_max_height":0,"ocean_header_custom_menu":"","ocean_menu_typo_font_family":"","ocean_menu_typo_font_subset":"","ocean_menu_typo_font_size":0,"ocean_menu_typo_font_size_tablet":0,"ocean_menu_typo_font_size_mobile":0,"ocean_menu_typo_font_size_unit":"px","ocean_menu_typo_font_weight":"","ocean_menu_typo_font_weight_tablet":"","ocean_menu_typo_font_weight_mobile":"","ocean_menu_typo_transform":"","ocean_menu_typo_transform_tablet":"","ocean_menu_typo_transform_mobile":"","ocean_menu_typo_line_height":0,"ocean_menu_typo_line_height_tablet":0,"ocean_menu_typo_line_height_mobile":0,"ocean_menu_typo_line_height_unit":"","ocean_menu_typo_spacing":0,"ocean_menu_typo_spacing_tablet":0,"ocean_menu_typo_spacing_mobile":0,"ocean_menu_typo_spacing_unit":"","ocean_menu_link_color":"","ocean_menu_link_color_hover":"","ocean_menu_link_color_active":"","ocean_menu_link_background":"","ocean_menu_link_hover_background":"","ocean_menu_link_active_background":"","ocean_menu_social_links_bg":"","ocean_menu_social_hover_links_bg":"","ocean_menu_social_links_color":"","ocean_menu_social_hover_links_color":"","ocean_disable_title":"default","ocean_disable_heading":"default","ocean_post_title":"","ocean_post_subheading":"","ocean_post_title_style":"","ocean_post_title_background_color":"","ocean_post_title_background":0,"ocean_post_title_bg_image_position":"","ocean_post_title_bg_image_attachment":"","ocean_post_title_bg_image_repeat":"","ocean_post_title_bg_image_size":"","ocean_post_title_height":0,"ocean_post_title_bg_overlay":0.5,"ocean_post_title_bg_overlay_color":"","ocean_disable_breadcrumbs":"default","ocean_breadcrumbs_color":"","ocean_breadcrumbs_separator_color":"","ocean_breadcrumbs_links_color":"","ocean_breadcrumbs_links_hover_color":"","ocean_display_footer_widgets":"default","ocean_display_footer_bottom":"default","ocean_custom_footer_template":"","_themeisle_gutenberg_block_has_review":false,"footnotes":""},"class_list":["post-1753","page","type-page","status-publish","hentry","entry"],"yoast_head":"<!-- This site is optimized with the Yoast SEO plugin v27.3 - https:\/\/yoast.com\/product\/yoast-seo-wordpress\/ -->\n<title>Team Fl\u00fctjerhof - Fl\u00fctjerhof - dein Hof zum Anfassen<\/title>\n<meta name=\"description\" content=\"Ingo, the MacGyver of the Fl\u00fctjerhof. Pascal is learning to be a wholesale and foreign trade merchant.\" \/>\n<meta name=\"robots\" content=\"index, follow, max-snippet:-1, max-image-preview:large, max-video-preview:-1\" \/>\n<link rel=\"canonical\" href=\"https:\/\/www.fluetjerhof.de\/en\/team-fluetjerhof\/\" \/>\n<meta property=\"og:locale\" content=\"en_US\" \/>\n<meta property=\"og:type\" content=\"article\" \/>\n<meta property=\"og:title\" content=\"Team Fl\u00fctjerhof - Fl\u00fctjerhof - dein Hof zum Anfassen\" \/>\n<meta property=\"og:description\" content=\"Ingo, the MacGyver of the Fl\u00fctjerhof. Pascal is learning to be a wholesale and foreign trade merchant.\" \/>\n<meta property=\"og:url\" content=\"https:\/\/www.fluetjerhof.de\/en\/team-fluetjerhof\/\" \/>\n<meta property=\"og:site_name\" content=\"Fl\u00fctjerhof - dein Hof zum Anfassen\" \/>\n<meta property=\"article:modified_time\" content=\"2022-04-18T10:55:52+00:00\" \/>\n<meta property=\"og:image\" content=\"https:\/\/www.fluetjerhof.de\/wp-content\/uploads\/2020\/03\/Ingo-mit-Tilda-und-Mia-auf-der-Varloser-300x264.png\" \/>\n<meta name=\"twitter:card\" content=\"summary_large_image\" \/>\n<meta name=\"twitter:label1\" content=\"Est. reading time\" \/>\n\t<meta name=\"twitter:data1\" content=\"1 minute\" \/>\n<script type=\"application\/ld+json\" class=\"yoast-schema-graph\">{\"@context\":\"https:\\\/\\\/schema.org\",\"@graph\":[{\"@type\":\"WebPage\",\"@id\":\"https:\\\/\\\/www.fluetjerhof.de\\\/en\\\/team-fluetjerhof\\\/\",\"url\":\"https:\\\/\\\/www.fluetjerhof.de\\\/en\\\/team-fluetjerhof\\\/\",\"name\":\"Team Fl\u00fctjerhof - Fl\u00fctjerhof - dein Hof zum Anfassen\",\"isPartOf\":{\"@id\":\"https:\\\/\\\/www.fluetjerhof.de\\\/en\\\/#website\"},\"primaryImageOfPage\":{\"@id\":\"https:\\\/\\\/www.fluetjerhof.de\\\/en\\\/team-fluetjerhof\\\/#primaryimage\"},\"image\":{\"@id\":\"https:\\\/\\\/www.fluetjerhof.de\\\/en\\\/team-fluetjerhof\\\/#primaryimage\"},\"thumbnailUrl\":\"https:\\\/\\\/www.fluetjerhof.de\\\/wp-content\\\/uploads\\\/2020\\\/03\\\/Ingo-mit-Tilda-und-Mia-auf-der-Varloser-300x264.png\",\"datePublished\":\"2020-03-29T14:34:01+00:00\",\"dateModified\":\"2022-04-18T10:55:52+00:00\",\"description\":\"Ingo, the MacGyver of the Fl\u00fctjerhof. Pascal is learning to be a wholesale and foreign trade merchant.\",\"breadcrumb\":{\"@id\":\"https:\\\/\\\/www.fluetjerhof.de\\\/en\\\/team-fluetjerhof\\\/#breadcrumb\"},\"inLanguage\":\"en-US\",\"potentialAction\":[{\"@type\":\"ReadAction\",\"target\":[\"https:\\\/\\\/www.fluetjerhof.de\\\/en\\\/team-fluetjerhof\\\/\"]}]},{\"@type\":\"ImageObject\",\"inLanguage\":\"en-US\",\"@id\":\"https:\\\/\\\/www.fluetjerhof.de\\\/en\\\/team-fluetjerhof\\\/#primaryimage\",\"url\":\"https:\\\/\\\/www.fluetjerhof.de\\\/wp-content\\\/uploads\\\/2020\\\/03\\\/Ingo-mit-Tilda-und-Mia-auf-der-Varloser-300x264.png\",\"contentUrl\":\"https:\\\/\\\/www.fluetjerhof.de\\\/wp-content\\\/uploads\\\/2020\\\/03\\\/Ingo-mit-Tilda-und-Mia-auf-der-Varloser-300x264.png\"},{\"@type\":\"BreadcrumbList\",\"@id\":\"https:\\\/\\\/www.fluetjerhof.de\\\/en\\\/team-fluetjerhof\\\/#breadcrumb\",\"itemListElement\":[{\"@type\":\"ListItem\",\"position\":1,\"name\":\"Startseite\",\"item\":\"https:\\\/\\\/www.fluetjerhof.de\\\/en\\\/\"},{\"@type\":\"ListItem\",\"position\":2,\"name\":\"Team Fl\u00fctjerhof\"}]},{\"@type\":\"WebSite\",\"@id\":\"https:\\\/\\\/www.fluetjerhof.de\\\/en\\\/#website\",\"url\":\"https:\\\/\\\/www.fluetjerhof.de\\\/en\\\/\",\"name\":\"Fl\u00fctjerhof - dein Hof zum Anfassen\",\"description\":\"Kuhkuscheln, Pferde und mehr\",\"publisher\":{\"@id\":\"https:\\\/\\\/www.fluetjerhof.de\\\/en\\\/#organization\"},\"potentialAction\":[{\"@type\":\"SearchAction\",\"target\":{\"@type\":\"EntryPoint\",\"urlTemplate\":\"https:\\\/\\\/www.fluetjerhof.de\\\/en\\\/?s={search_term_string}\"},\"query-input\":{\"@type\":\"PropertyValueSpecification\",\"valueRequired\":true,\"valueName\":\"search_term_string\"}}],\"inLanguage\":\"en-US\"},{\"@type\":\"Organization\",\"@id\":\"https:\\\/\\\/www.fluetjerhof.de\\\/en\\\/#organization\",\"name\":\"Fl\u00fctjerhof - dein Hof zum Anfassen\",\"url\":\"https:\\\/\\\/www.fluetjerhof.de\\\/en\\\/\",\"logo\":{\"@type\":\"ImageObject\",\"inLanguage\":\"en-US\",\"@id\":\"https:\\\/\\\/www.fluetjerhof.de\\\/en\\\/#\\\/schema\\\/logo\\\/image\\\/\",\"url\":\"https:\\\/\\\/www.fluetjerhof.de\\\/wp-content\\\/uploads\\\/2020\\\/04\\\/maren-logo-transparent-xs2.png\",\"contentUrl\":\"https:\\\/\\\/www.fluetjerhof.de\\\/wp-content\\\/uploads\\\/2020\\\/04\\\/maren-logo-transparent-xs2.png\",\"width\":120,\"height\":130,\"caption\":\"Fl\u00fctjerhof - dein Hof zum Anfassen\"},\"image\":{\"@id\":\"https:\\\/\\\/www.fluetjerhof.de\\\/en\\\/#\\\/schema\\\/logo\\\/image\\\/\"}}]}<\/script>\n<!-- \/ Yoast SEO plugin. -->","yoast_head_json":{"title":"Team Fl\u00fctjerhof - Fl\u00fctjerhof - dein Hof zum Anfassen","description":"Ingo, the MacGyver of the Fl\u00fctjerhof. Pascal is learning to be a wholesale and foreign trade merchant.","robots":{"index":"index","follow":"follow","max-snippet":"max-snippet:-1","max-image-preview":"max-image-preview:large","max-video-preview":"max-video-preview:-1"},"canonical":"https:\/\/www.fluetjerhof.de\/en\/team-fluetjerhof\/","og_locale":"en_US","og_type":"article","og_title":"Team Fl\u00fctjerhof - Fl\u00fctjerhof - dein Hof zum Anfassen","og_description":"Ingo, the MacGyver of the Fl\u00fctjerhof. Pascal is learning to be a wholesale and foreign trade merchant.","og_url":"https:\/\/www.fluetjerhof.de\/en\/team-fluetjerhof\/","og_site_name":"Fl\u00fctjerhof - dein Hof zum Anfassen","article_modified_time":"2022-04-18T10:55:52+00:00","og_image":[{"url":"https:\/\/www.fluetjerhof.de\/wp-content\/uploads\/2020\/03\/Ingo-mit-Tilda-und-Mia-auf-der-Varloser-300x264.png","type":"","width":"","height":""}],"twitter_card":"summary_large_image","twitter_misc":{"Est. reading time":"1 minute"},"schema":{"@context":"https:\/\/schema.org","@graph":[{"@type":"WebPage","@id":"https:\/\/www.fluetjerhof.de\/en\/team-fluetjerhof\/","url":"https:\/\/www.fluetjerhof.de\/en\/team-fluetjerhof\/","name":"Team Fl\u00fctjerhof - Fl\u00fctjerhof - dein Hof zum Anfassen","isPartOf":{"@id":"https:\/\/www.fluetjerhof.de\/en\/#website"},"primaryImageOfPage":{"@id":"https:\/\/www.fluetjerhof.de\/en\/team-fluetjerhof\/#primaryimage"},"image":{"@id":"https:\/\/www.fluetjerhof.de\/en\/team-fluetjerhof\/#primaryimage"},"thumbnailUrl":"https:\/\/www.fluetjerhof.de\/wp-content\/uploads\/2020\/03\/Ingo-mit-Tilda-und-Mia-auf-der-Varloser-300x264.png","datePublished":"2020-03-29T14:34:01+00:00","dateModified":"2022-04-18T10:55:52+00:00","description":"Ingo, the MacGyver of the Fl\u00fctjerhof. Pascal is learning to be a wholesale and foreign trade merchant.","breadcrumb":{"@id":"https:\/\/www.fluetjerhof.de\/en\/team-fluetjerhof\/#breadcrumb"},"inLanguage":"en-US","potentialAction":[{"@type":"ReadAction","target":["https:\/\/www.fluetjerhof.de\/en\/team-fluetjerhof\/"]}]},{"@type":"ImageObject","inLanguage":"en-US","@id":"https:\/\/www.fluetjerhof.de\/en\/team-fluetjerhof\/#primaryimage","url":"https:\/\/www.fluetjerhof.de\/wp-content\/uploads\/2020\/03\/Ingo-mit-Tilda-und-Mia-auf-der-Varloser-300x264.png","contentUrl":"https:\/\/www.fluetjerhof.de\/wp-content\/uploads\/2020\/03\/Ingo-mit-Tilda-und-Mia-auf-der-Varloser-300x264.png"},{"@type":"BreadcrumbList","@id":"https:\/\/www.fluetjerhof.de\/en\/team-fluetjerhof\/#breadcrumb","itemListElement":[{"@type":"ListItem","position":1,"name":"Startseite","item":"https:\/\/www.fluetjerhof.de\/en\/"},{"@type":"ListItem","position":2,"name":"Team Fl\u00fctjerhof"}]},{"@type":"WebSite","@id":"https:\/\/www.fluetjerhof.de\/en\/#website","url":"https:\/\/www.fluetjerhof.de\/en\/","name":"Fl\u00fctjerhof - dein Hof zum Anfassen","description":"Kuhkuscheln, Pferde und mehr","publisher":{"@id":"https:\/\/www.fluetjerhof.de\/en\/#organization"},"potentialAction":[{"@type":"SearchAction","target":{"@type":"EntryPoint","urlTemplate":"https:\/\/www.fluetjerhof.de\/en\/?s={search_term_string}"},"query-input":{"@type":"PropertyValueSpecification","valueRequired":true,"valueName":"search_term_string"}}],"inLanguage":"en-US"},{"@type":"Organization","@id":"https:\/\/www.fluetjerhof.de\/en\/#organization","name":"Fl\u00fctjerhof - dein Hof zum Anfassen","url":"https:\/\/www.fluetjerhof.de\/en\/","logo":{"@type":"ImageObject","inLanguage":"en-US","@id":"https:\/\/www.fluetjerhof.de\/en\/#\/schema\/logo\/image\/","url":"https:\/\/www.fluetjerhof.de\/wp-content\/uploads\/2020\/04\/maren-logo-transparent-xs2.png","contentUrl":"https:\/\/www.fluetjerhof.de\/wp-content\/uploads\/2020\/04\/maren-logo-transparent-xs2.png","width":120,"height":130,"caption":"Fl\u00fctjerhof - dein Hof zum Anfassen"},"image":{"@id":"https:\/\/www.fluetjerhof.de\/en\/#\/schema\/logo\/image\/"}}]}},"_links":{"self":[{"href":"https:\/\/www.fluetjerhof.de\/en\/wp-json\/wp\/v2\/pages\/1753","targetHints":{"allow":["GET"]}}],"collection":[{"href":"https:\/\/www.fluetjerhof.de\/en\/wp-json\/wp\/v2\/pages"}],"about":[{"href":"https:\/\/www.fluetjerhof.de\/en\/wp-json\/wp\/v2\/types\/page"}],"author":[{"embeddable":true,"href":"https:\/\/www.fluetjerhof.de\/en\/wp-json\/wp\/v2\/users\/1"}],"replies":[{"embeddable":true,"href":"https:\/\/www.fluetjerhof.de\/en\/wp-json\/wp\/v2\/comments?post=1753"}],"version-history":[{"count":4,"href":"https:\/\/www.fluetjerhof.de\/en\/wp-json\/wp\/v2\/pages\/1753\/revisions"}],"predecessor-version":[{"id":2703,"href":"https:\/\/www.fluetjerhof.de\/en\/wp-json\/wp\/v2\/pages\/1753\/revisions\/2703"}],"wp:attachment":[{"href":"https:\/\/www.fluetjerhof.de\/en\/wp-json\/wp\/v2\/media?parent=1753"}],"curies":[{"name":"wp","href":"https:\/\/api.w.org\/{rel}","templated":true}]}}