{"id":1606,"date":"2020-03-13T11:54:04","date_gmt":"2020-03-13T10:54:04","guid":{"rendered":"https:\/\/www.fluetjerhof.de\/prestations-de-service\/"},"modified":"2022-05-01T17:07:19","modified_gmt":"2022-05-01T15:07:19","slug":"prestations-de-service","status":"publish","type":"page","link":"https:\/\/www.fluetjerhof.de\/fr\/prestations-de-service\/","title":{"rendered":"Avantages \/ Services"},"content":{"rendered":"\t\t<div data-elementor-type=\"wp-page\" data-elementor-id=\"1606\" class=\"elementor elementor-1606 elementor-20\">\n\t\t\t\t\t\t<section class=\"elementor-section elementor-top-section elementor-element elementor-element-6afdcc24 elementor-section-content-middle elementor-section-boxed elementor-section-height-default elementor-section-height-default\" data-id=\"6afdcc24\" data-element_type=\"section\" data-e-type=\"section\" data-settings=\"{&quot;background_background&quot;:&quot;classic&quot;}\">\n\t\t\t\t\t\t\t<div class=\"elementor-background-overlay\"><\/div>\n\t\t\t\t\t\t\t<div class=\"elementor-container elementor-column-gap-no\">\n\t\t\t\t\t<div class=\"elementor-column elementor-col-100 elementor-top-column elementor-element elementor-element-2b2a44b6\" data-id=\"2b2a44b6\" data-element_type=\"column\" data-e-type=\"column\">\n\t\t\t<div class=\"elementor-widget-wrap elementor-element-populated\">\n\t\t\t\t\t\t<div class=\"elementor-element elementor-element-2dc3e213 elementor-widget elementor-widget-heading\" data-id=\"2dc3e213\" data-element_type=\"widget\" data-e-type=\"widget\" data-widget_type=\"heading.default\">\n\t\t\t\t<div class=\"elementor-widget-container\">\n\t\t\t\t\t<h1 class=\"elementor-heading-title elementor-size-default\">Trouver le Bonheur, la Joie et de la Paix<\/h1>\t\t\t\t<\/div>\n\t\t\t\t<\/div>\n\t\t\t\t<div class=\"elementor-element elementor-element-594eca00 elementor-widget-divider--view-line elementor-widget elementor-widget-divider\" data-id=\"594eca00\" data-element_type=\"widget\" data-e-type=\"widget\" data-widget_type=\"divider.default\">\n\t\t\t\t<div class=\"elementor-widget-container\">\n\t\t\t\t\t\t\t<div class=\"elementor-divider\">\n\t\t\t<span class=\"elementor-divider-separator\">\n\t\t\t\t\t\t<\/span>\n\t\t<\/div>\n\t\t\t\t\t\t<\/div>\n\t\t\t\t<\/div>\n\t\t\t\t<div class=\"elementor-element elementor-element-7e2d1782 elementor-widget elementor-widget-text-editor\" data-id=\"7e2d1782\" data-element_type=\"widget\" data-e-type=\"widget\" data-widget_type=\"text-editor.default\">\n\t\t\t\t<div class=\"elementor-widget-container\">\n\t\t\t\t\t\t\t\t\t<p>Sais-tu cela? Des doutes sur vous ? Je ne suis pas assez. O\u00f9 suis-je assez?<\/p>\n<p>O\u00f9 est ma place? Je ne me sens plus.<\/p>\n<p>O\u00f9 puis-je respirer profond\u00e9ment ?<\/p>\n<p>O\u00f9 y a-t-il du b\u00e9tail apprivois\u00e9 que je peux montrer \u00e0 mes enfants ? <\/p>\n<p>Que nous pourrions m\u00eame toucher?<\/p>\t\t\t\t\t\t\t\t<\/div>\n\t\t\t\t<\/div>\n\t\t\t\t\t<\/div>\n\t\t<\/div>\n\t\t\t\t\t<\/div>\n\t\t<\/section>\n\t\t\t\t<section class=\"elementor-section elementor-top-section elementor-element elementor-element-1f0f567b elementor-section-content-middle elementor-section-boxed elementor-section-height-default elementor-section-height-default\" data-id=\"1f0f567b\" data-element_type=\"section\" data-e-type=\"section\" data-settings=\"{&quot;background_background&quot;:&quot;classic&quot;}\">\n\t\t\t\t\t\t\t<div class=\"elementor-background-overlay\"><\/div>\n\t\t\t\t\t\t\t<div class=\"elementor-container elementor-column-gap-wider\">\n\t\t\t\t\t<article class=\"elementor-column elementor-col-100 elementor-top-column elementor-element elementor-element-77f0f3c8\" data-id=\"77f0f3c8\" data-element_type=\"column\" data-e-type=\"column\" data-settings=\"{&quot;background_background&quot;:&quot;classic&quot;}\">\n\t\t\t<div class=\"elementor-widget-wrap elementor-element-populated\">\n\t\t\t\t\t\t<div class=\"elementor-element elementor-element-1923a94a elementor-widget elementor-widget-text-editor\" data-id=\"1923a94a\" data-element_type=\"widget\" data-e-type=\"widget\" data-widget_type=\"text-editor.default\">\n\t\t\t\t<div class=\"elementor-widget-container\">\n\t\t\t\t\t\t\t\t\t<p>Viens toi-m\u00eame<\/p><p>Se sentir en harmonie avec soi et le monde<\/p><p>D\u00e9tendez-vous du stress quotidien<\/p><p>Faites l&rsquo;exp\u00e9rience de vous-m\u00eame consciemment dans et avec la nature<\/p>\t\t\t\t\t\t\t\t<\/div>\n\t\t\t\t<\/div>\n\t\t\t\t<div class=\"elementor-element elementor-element-24a44561 elementor-widget elementor-widget-text-editor\" data-id=\"24a44561\" data-element_type=\"widget\" data-e-type=\"widget\" data-widget_type=\"text-editor.default\">\n\t\t\t\t<div class=\"elementor-widget-container\">\n\t\t\t\t\t\t\t\t\t<p>Les activit\u00e9s assist\u00e9es par les animaux et les parrainages assist\u00e9s par les animaux vous aident, vous et\/ou vos enfants, \u00e0 vous immerger dans un monde compl\u00e8tement diff\u00e9rent<\/p><p>Retrouver l&rsquo;origine de l&rsquo;\u00eatre, en harmonie avec la nature<\/p><p>Votre temps libre pour vous concentrer sur l&rsquo;animal<\/p><p>Communication claire, sans pr\u00e9jug\u00e9s, sans faire semblant<\/p><p>En prenant soin des autres, je prends soin de moi<\/p>\t\t\t\t\t\t\t\t<\/div>\n\t\t\t\t<\/div>\n\t\t\t\t<div class=\"elementor-element elementor-element-392fb5fb elementor-align-left elementor-mobile-align-center elementor-widget elementor-widget-button\" data-id=\"392fb5fb\" data-element_type=\"widget\" data-e-type=\"widget\" data-widget_type=\"button.default\">\n\t\t\t\t<div class=\"elementor-widget-container\">\n\t\t\t\t\t\t\t\t\t<div class=\"elementor-button-wrapper\">\n\t\t\t\t\t<a class=\"elementor-button elementor-button-link elementor-size-md elementor-animation-grow\" href=\"https:\/\/www.fluetjerhof.de\/Leistungen\/kuhkuscheln\">\n\t\t\t\t\t\t<span class=\"elementor-button-content-wrapper\">\n\t\t\t\t\t\t\t\t\t<span class=\"elementor-button-text\">Cliquez ici pour les c\u00e2lins de vache<\/span>\n\t\t\t\t\t<\/span>\n\t\t\t\t\t<\/a>\n\t\t\t\t<\/div>\n\t\t\t\t\t\t\t\t<\/div>\n\t\t\t\t<\/div>\n\t\t\t\t<div class=\"elementor-element elementor-element-46a5a09 elementor-align-left elementor-mobile-align-center elementor-widget elementor-widget-button\" data-id=\"46a5a09\" data-element_type=\"widget\" data-e-type=\"widget\" data-widget_type=\"button.default\">\n\t\t\t\t<div class=\"elementor-widget-container\">\n\t\t\t\t\t\t\t\t\t<div class=\"elementor-button-wrapper\">\n\t\t\t\t\t<a class=\"elementor-button elementor-button-link elementor-size-md elementor-animation-grow\" href=\"https:\/\/www.fluetjerhof.de\/fr\/avec-les-chevaux\/\">\n\t\t\t\t\t\t<span class=\"elementor-button-content-wrapper\">\n\t\t\t\t\t\t\t\t\t<span class=\"elementor-button-text\">Cliquez ici pour les chevaux<\/span>\n\t\t\t\t\t<\/span>\n\t\t\t\t\t<\/a>\n\t\t\t\t<\/div>\n\t\t\t\t\t\t\t\t<\/div>\n\t\t\t\t<\/div>\n\t\t\t\t\t<\/div>\n\t\t<\/article>\n\t\t\t\t\t<\/div>\n\t\t<\/section>\n\t\t\t\t<section class=\"elementor-section elementor-top-section elementor-element elementor-element-959b179 elementor-section-boxed elementor-section-height-default elementor-section-height-default\" data-id=\"959b179\" data-element_type=\"section\" data-e-type=\"section\">\n\t\t\t\t\t\t<div class=\"elementor-container elementor-column-gap-default\">\n\t\t\t\t\t<div class=\"elementor-column elementor-col-100 elementor-top-column elementor-element elementor-element-5950ea1\" data-id=\"5950ea1\" data-element_type=\"column\" data-e-type=\"column\">\n\t\t\t<div class=\"elementor-widget-wrap elementor-element-populated\">\n\t\t\t\t\t\t<div class=\"elementor-element elementor-element-ec38ed3 elementor-widget elementor-widget-image\" data-id=\"ec38ed3\" data-element_type=\"widget\" data-e-type=\"widget\" data-widget_type=\"image.default\">\n\t\t\t\t<div class=\"elementor-widget-container\">\n\t\t\t\t\t\t\t\t\t\t\t\t\t\t\t<img fetchpriority=\"high\" decoding=\"async\" width=\"500\" height=\"375\" src=\"https:\/\/www.fluetjerhof.de\/wp-content\/uploads\/2022\/04\/Fluetjerhof_Nikki_Besuch-Gast1.jpg\" class=\"attachment-large size-large wp-image-2871\" alt=\"\" srcset=\"https:\/\/www.fluetjerhof.de\/wp-content\/uploads\/2022\/04\/Fluetjerhof_Nikki_Besuch-Gast1.jpg 500w, https:\/\/www.fluetjerhof.de\/wp-content\/uploads\/2022\/04\/Fluetjerhof_Nikki_Besuch-Gast1-300x225.jpg 300w\" sizes=\"(max-width: 500px) 100vw, 500px\" \/>\t\t\t\t\t\t\t\t\t\t\t\t\t\t\t<\/div>\n\t\t\t\t<\/div>\n\t\t\t\t\t<\/div>\n\t\t<\/div>\n\t\t\t\t\t<\/div>\n\t\t<\/section>\n\t\t\t\t<\/div>\n\t\t","protected":false},"excerpt":{"rendered":"<p>Trouver le Bonheur, la Joie et de la Paix Sais-tu cela? Des doutes sur vous ? Je ne suis pas assez. O\u00f9 suis-je assez? O\u00f9 est ma place? Je ne me sens plus. O\u00f9 puis-je respirer profond\u00e9ment ? O\u00f9 y a-t-il du b\u00e9tail apprivois\u00e9 que je peux montrer \u00e0 mes enfants ? Que nous pourrions [&hellip;]<\/p>\n","protected":false},"author":1,"featured_media":0,"parent":0,"menu_order":0,"comment_status":"closed","ping_status":"closed","template":"elementor_header_footer","meta":{"ocean_post_layout":"","ocean_both_sidebars_style":"","ocean_both_sidebars_content_width":0,"ocean_both_sidebars_sidebars_width":0,"ocean_sidebar":"","ocean_second_sidebar":"","ocean_disable_margins":"enable","ocean_add_body_class":"","ocean_shortcode_before_top_bar":"","ocean_shortcode_after_top_bar":"","ocean_shortcode_before_header":"","ocean_shortcode_after_header":"","ocean_has_shortcode":"","ocean_shortcode_after_title":"","ocean_shortcode_before_footer_widgets":"","ocean_shortcode_after_footer_widgets":"","ocean_shortcode_before_footer_bottom":"","ocean_shortcode_after_footer_bottom":"","ocean_display_top_bar":"default","ocean_display_header":"default","ocean_header_style":"","ocean_center_header_left_menu":"","ocean_custom_header_template":"","ocean_custom_logo":0,"ocean_custom_retina_logo":0,"ocean_custom_logo_max_width":0,"ocean_custom_logo_tablet_max_width":0,"ocean_custom_logo_mobile_max_width":0,"ocean_custom_logo_max_height":0,"ocean_custom_logo_tablet_max_height":0,"ocean_custom_logo_mobile_max_height":0,"ocean_header_custom_menu":"","ocean_menu_typo_font_family":"","ocean_menu_typo_font_subset":"","ocean_menu_typo_font_size":0,"ocean_menu_typo_font_size_tablet":0,"ocean_menu_typo_font_size_mobile":0,"ocean_menu_typo_font_size_unit":"px","ocean_menu_typo_font_weight":"","ocean_menu_typo_font_weight_tablet":"","ocean_menu_typo_font_weight_mobile":"","ocean_menu_typo_transform":"","ocean_menu_typo_transform_tablet":"","ocean_menu_typo_transform_mobile":"","ocean_menu_typo_line_height":0,"ocean_menu_typo_line_height_tablet":0,"ocean_menu_typo_line_height_mobile":0,"ocean_menu_typo_line_height_unit":"","ocean_menu_typo_spacing":0,"ocean_menu_typo_spacing_tablet":0,"ocean_menu_typo_spacing_mobile":0,"ocean_menu_typo_spacing_unit":"","ocean_menu_link_color":"","ocean_menu_link_color_hover":"","ocean_menu_link_color_active":"","ocean_menu_link_background":"","ocean_menu_link_hover_background":"","ocean_menu_link_active_background":"","ocean_menu_social_links_bg":"","ocean_menu_social_hover_links_bg":"","ocean_menu_social_links_color":"","ocean_menu_social_hover_links_color":"","ocean_disable_title":"default","ocean_disable_heading":"default","ocean_post_title":"","ocean_post_subheading":"","ocean_post_title_style":"","ocean_post_title_background_color":"","ocean_post_title_background":0,"ocean_post_title_bg_image_position":"","ocean_post_title_bg_image_attachment":"","ocean_post_title_bg_image_repeat":"","ocean_post_title_bg_image_size":"","ocean_post_title_height":0,"ocean_post_title_bg_overlay":0.5,"ocean_post_title_bg_overlay_color":"","ocean_disable_breadcrumbs":"default","ocean_breadcrumbs_color":"","ocean_breadcrumbs_separator_color":"","ocean_breadcrumbs_links_color":"","ocean_breadcrumbs_links_hover_color":"","ocean_display_footer_widgets":"default","ocean_display_footer_bottom":"default","ocean_custom_footer_template":"","_themeisle_gutenberg_block_has_review":false,"footnotes":""},"class_list":["post-1606","page","type-page","status-publish","hentry","entry"],"yoast_head":"<!-- This site is optimized with the Yoast SEO plugin v27.4 - https:\/\/yoast.com\/product\/yoast-seo-wordpress\/ -->\n<title>Avantages \/ Services - Fl\u00fctjerhof - dein Hof zum Anfassen<\/title>\n<meta name=\"description\" content=\"Trouvez le bonheur, la joie et la paix. Les activit\u00e9s assist\u00e9es par les animaux et les parrainages assist\u00e9s par les animaux vous aident, vous et\/ou vos enfants, \u00e0 vous immerger dans un monde compl\u00e8tement diff\u00e9rent.\" \/>\n<meta name=\"robots\" content=\"index, follow, max-snippet:-1, max-image-preview:large, max-video-preview:-1\" \/>\n<link rel=\"canonical\" href=\"https:\/\/www.fluetjerhof.de\/fr\/prestations-de-service\/\" \/>\n<meta property=\"og:locale\" content=\"fr_FR\" \/>\n<meta property=\"og:type\" content=\"article\" \/>\n<meta property=\"og:title\" content=\"Avantages \/ Services - Fl\u00fctjerhof - dein Hof zum Anfassen\" \/>\n<meta property=\"og:description\" content=\"Trouvez le bonheur, la joie et la paix. Les activit\u00e9s assist\u00e9es par les animaux et les parrainages assist\u00e9s par les animaux vous aident, vous et\/ou vos enfants, \u00e0 vous immerger dans un monde compl\u00e8tement diff\u00e9rent.\" \/>\n<meta property=\"og:url\" content=\"https:\/\/www.fluetjerhof.de\/fr\/prestations-de-service\/\" \/>\n<meta property=\"og:site_name\" content=\"Fl\u00fctjerhof - dein Hof zum Anfassen\" \/>\n<meta property=\"article:modified_time\" content=\"2022-05-01T15:07:19+00:00\" \/>\n<meta property=\"og:image\" content=\"https:\/\/www.fluetjerhof.de\/wp-content\/uploads\/2022\/04\/Fluetjerhof_Nikki_Besuch-Gast1.jpg\" \/>\n<meta name=\"twitter:card\" content=\"summary_large_image\" \/>\n<meta name=\"twitter:label1\" content=\"Dur\u00e9e de lecture estim\u00e9e\" \/>\n\t<meta name=\"twitter:data1\" content=\"1 minute\" \/>\n<script type=\"application\/ld+json\" class=\"yoast-schema-graph\">{\"@context\":\"https:\\\/\\\/schema.org\",\"@graph\":[{\"@type\":\"WebPage\",\"@id\":\"https:\\\/\\\/www.fluetjerhof.de\\\/fr\\\/prestations-de-service\\\/\",\"url\":\"https:\\\/\\\/www.fluetjerhof.de\\\/fr\\\/prestations-de-service\\\/\",\"name\":\"Avantages \\\/ Services - Fl\u00fctjerhof - dein Hof zum Anfassen\",\"isPartOf\":{\"@id\":\"https:\\\/\\\/www.fluetjerhof.de\\\/fr\\\/#website\"},\"primaryImageOfPage\":{\"@id\":\"https:\\\/\\\/www.fluetjerhof.de\\\/fr\\\/prestations-de-service\\\/#primaryimage\"},\"image\":{\"@id\":\"https:\\\/\\\/www.fluetjerhof.de\\\/fr\\\/prestations-de-service\\\/#primaryimage\"},\"thumbnailUrl\":\"https:\\\/\\\/www.fluetjerhof.de\\\/wp-content\\\/uploads\\\/2022\\\/04\\\/Fluetjerhof_Nikki_Besuch-Gast1.jpg\",\"datePublished\":\"2020-03-13T10:54:04+00:00\",\"dateModified\":\"2022-05-01T15:07:19+00:00\",\"description\":\"Trouvez le bonheur, la joie et la paix. Les activit\u00e9s assist\u00e9es par les animaux et les parrainages assist\u00e9s par les animaux vous aident, vous et\\\/ou vos enfants, \u00e0 vous immerger dans un monde compl\u00e8tement diff\u00e9rent.\",\"breadcrumb\":{\"@id\":\"https:\\\/\\\/www.fluetjerhof.de\\\/fr\\\/prestations-de-service\\\/#breadcrumb\"},\"inLanguage\":\"fr-FR\",\"potentialAction\":[{\"@type\":\"ReadAction\",\"target\":[\"https:\\\/\\\/www.fluetjerhof.de\\\/fr\\\/prestations-de-service\\\/\"]}]},{\"@type\":\"ImageObject\",\"inLanguage\":\"fr-FR\",\"@id\":\"https:\\\/\\\/www.fluetjerhof.de\\\/fr\\\/prestations-de-service\\\/#primaryimage\",\"url\":\"https:\\\/\\\/www.fluetjerhof.de\\\/wp-content\\\/uploads\\\/2022\\\/04\\\/Fluetjerhof_Nikki_Besuch-Gast1.jpg\",\"contentUrl\":\"https:\\\/\\\/www.fluetjerhof.de\\\/wp-content\\\/uploads\\\/2022\\\/04\\\/Fluetjerhof_Nikki_Besuch-Gast1.jpg\"},{\"@type\":\"BreadcrumbList\",\"@id\":\"https:\\\/\\\/www.fluetjerhof.de\\\/fr\\\/prestations-de-service\\\/#breadcrumb\",\"itemListElement\":[{\"@type\":\"ListItem\",\"position\":1,\"name\":\"Startseite\",\"item\":\"https:\\\/\\\/www.fluetjerhof.de\\\/fr\\\/\"},{\"@type\":\"ListItem\",\"position\":2,\"name\":\"Avantages \\\/ Services\"}]},{\"@type\":\"WebSite\",\"@id\":\"https:\\\/\\\/www.fluetjerhof.de\\\/fr\\\/#website\",\"url\":\"https:\\\/\\\/www.fluetjerhof.de\\\/fr\\\/\",\"name\":\"Fl\u00fctjerhof - dein Hof zum Anfassen\",\"description\":\"Kuhkuscheln, Pferde und mehr\",\"publisher\":{\"@id\":\"https:\\\/\\\/www.fluetjerhof.de\\\/fr\\\/#organization\"},\"potentialAction\":[{\"@type\":\"SearchAction\",\"target\":{\"@type\":\"EntryPoint\",\"urlTemplate\":\"https:\\\/\\\/www.fluetjerhof.de\\\/fr\\\/?s={search_term_string}\"},\"query-input\":{\"@type\":\"PropertyValueSpecification\",\"valueRequired\":true,\"valueName\":\"search_term_string\"}}],\"inLanguage\":\"fr-FR\"},{\"@type\":\"Organization\",\"@id\":\"https:\\\/\\\/www.fluetjerhof.de\\\/fr\\\/#organization\",\"name\":\"Fl\u00fctjerhof - dein Hof zum Anfassen\",\"url\":\"https:\\\/\\\/www.fluetjerhof.de\\\/fr\\\/\",\"logo\":{\"@type\":\"ImageObject\",\"inLanguage\":\"fr-FR\",\"@id\":\"https:\\\/\\\/www.fluetjerhof.de\\\/fr\\\/#\\\/schema\\\/logo\\\/image\\\/\",\"url\":\"https:\\\/\\\/www.fluetjerhof.de\\\/wp-content\\\/uploads\\\/2020\\\/04\\\/maren-logo-transparent-xs2.png\",\"contentUrl\":\"https:\\\/\\\/www.fluetjerhof.de\\\/wp-content\\\/uploads\\\/2020\\\/04\\\/maren-logo-transparent-xs2.png\",\"width\":120,\"height\":130,\"caption\":\"Fl\u00fctjerhof - dein Hof zum Anfassen\"},\"image\":{\"@id\":\"https:\\\/\\\/www.fluetjerhof.de\\\/fr\\\/#\\\/schema\\\/logo\\\/image\\\/\"}}]}<\/script>\n<!-- \/ Yoast SEO plugin. -->","yoast_head_json":{"title":"Avantages \/ Services - Fl\u00fctjerhof - dein Hof zum Anfassen","description":"Trouvez le bonheur, la joie et la paix. Les activit\u00e9s assist\u00e9es par les animaux et les parrainages assist\u00e9s par les animaux vous aident, vous et\/ou vos enfants, \u00e0 vous immerger dans un monde compl\u00e8tement diff\u00e9rent.","robots":{"index":"index","follow":"follow","max-snippet":"max-snippet:-1","max-image-preview":"max-image-preview:large","max-video-preview":"max-video-preview:-1"},"canonical":"https:\/\/www.fluetjerhof.de\/fr\/prestations-de-service\/","og_locale":"fr_FR","og_type":"article","og_title":"Avantages \/ Services - Fl\u00fctjerhof - dein Hof zum Anfassen","og_description":"Trouvez le bonheur, la joie et la paix. Les activit\u00e9s assist\u00e9es par les animaux et les parrainages assist\u00e9s par les animaux vous aident, vous et\/ou vos enfants, \u00e0 vous immerger dans un monde compl\u00e8tement diff\u00e9rent.","og_url":"https:\/\/www.fluetjerhof.de\/fr\/prestations-de-service\/","og_site_name":"Fl\u00fctjerhof - dein Hof zum Anfassen","article_modified_time":"2022-05-01T15:07:19+00:00","og_image":[{"url":"https:\/\/www.fluetjerhof.de\/wp-content\/uploads\/2022\/04\/Fluetjerhof_Nikki_Besuch-Gast1.jpg","type":"","width":"","height":""}],"twitter_card":"summary_large_image","twitter_misc":{"Dur\u00e9e de lecture estim\u00e9e":"1 minute"},"schema":{"@context":"https:\/\/schema.org","@graph":[{"@type":"WebPage","@id":"https:\/\/www.fluetjerhof.de\/fr\/prestations-de-service\/","url":"https:\/\/www.fluetjerhof.de\/fr\/prestations-de-service\/","name":"Avantages \/ Services - Fl\u00fctjerhof - dein Hof zum Anfassen","isPartOf":{"@id":"https:\/\/www.fluetjerhof.de\/fr\/#website"},"primaryImageOfPage":{"@id":"https:\/\/www.fluetjerhof.de\/fr\/prestations-de-service\/#primaryimage"},"image":{"@id":"https:\/\/www.fluetjerhof.de\/fr\/prestations-de-service\/#primaryimage"},"thumbnailUrl":"https:\/\/www.fluetjerhof.de\/wp-content\/uploads\/2022\/04\/Fluetjerhof_Nikki_Besuch-Gast1.jpg","datePublished":"2020-03-13T10:54:04+00:00","dateModified":"2022-05-01T15:07:19+00:00","description":"Trouvez le bonheur, la joie et la paix. Les activit\u00e9s assist\u00e9es par les animaux et les parrainages assist\u00e9s par les animaux vous aident, vous et\/ou vos enfants, \u00e0 vous immerger dans un monde compl\u00e8tement diff\u00e9rent.","breadcrumb":{"@id":"https:\/\/www.fluetjerhof.de\/fr\/prestations-de-service\/#breadcrumb"},"inLanguage":"fr-FR","potentialAction":[{"@type":"ReadAction","target":["https:\/\/www.fluetjerhof.de\/fr\/prestations-de-service\/"]}]},{"@type":"ImageObject","inLanguage":"fr-FR","@id":"https:\/\/www.fluetjerhof.de\/fr\/prestations-de-service\/#primaryimage","url":"https:\/\/www.fluetjerhof.de\/wp-content\/uploads\/2022\/04\/Fluetjerhof_Nikki_Besuch-Gast1.jpg","contentUrl":"https:\/\/www.fluetjerhof.de\/wp-content\/uploads\/2022\/04\/Fluetjerhof_Nikki_Besuch-Gast1.jpg"},{"@type":"BreadcrumbList","@id":"https:\/\/www.fluetjerhof.de\/fr\/prestations-de-service\/#breadcrumb","itemListElement":[{"@type":"ListItem","position":1,"name":"Startseite","item":"https:\/\/www.fluetjerhof.de\/fr\/"},{"@type":"ListItem","position":2,"name":"Avantages \/ Services"}]},{"@type":"WebSite","@id":"https:\/\/www.fluetjerhof.de\/fr\/#website","url":"https:\/\/www.fluetjerhof.de\/fr\/","name":"Fl\u00fctjerhof - dein Hof zum Anfassen","description":"Kuhkuscheln, Pferde und mehr","publisher":{"@id":"https:\/\/www.fluetjerhof.de\/fr\/#organization"},"potentialAction":[{"@type":"SearchAction","target":{"@type":"EntryPoint","urlTemplate":"https:\/\/www.fluetjerhof.de\/fr\/?s={search_term_string}"},"query-input":{"@type":"PropertyValueSpecification","valueRequired":true,"valueName":"search_term_string"}}],"inLanguage":"fr-FR"},{"@type":"Organization","@id":"https:\/\/www.fluetjerhof.de\/fr\/#organization","name":"Fl\u00fctjerhof - dein Hof zum Anfassen","url":"https:\/\/www.fluetjerhof.de\/fr\/","logo":{"@type":"ImageObject","inLanguage":"fr-FR","@id":"https:\/\/www.fluetjerhof.de\/fr\/#\/schema\/logo\/image\/","url":"https:\/\/www.fluetjerhof.de\/wp-content\/uploads\/2020\/04\/maren-logo-transparent-xs2.png","contentUrl":"https:\/\/www.fluetjerhof.de\/wp-content\/uploads\/2020\/04\/maren-logo-transparent-xs2.png","width":120,"height":130,"caption":"Fl\u00fctjerhof - dein Hof zum Anfassen"},"image":{"@id":"https:\/\/www.fluetjerhof.de\/fr\/#\/schema\/logo\/image\/"}}]}},"_links":{"self":[{"href":"https:\/\/www.fluetjerhof.de\/fr\/wp-json\/wp\/v2\/pages\/1606","targetHints":{"allow":["GET"]}}],"collection":[{"href":"https:\/\/www.fluetjerhof.de\/fr\/wp-json\/wp\/v2\/pages"}],"about":[{"href":"https:\/\/www.fluetjerhof.de\/fr\/wp-json\/wp\/v2\/types\/page"}],"author":[{"embeddable":true,"href":"https:\/\/www.fluetjerhof.de\/fr\/wp-json\/wp\/v2\/users\/1"}],"replies":[{"embeddable":true,"href":"https:\/\/www.fluetjerhof.de\/fr\/wp-json\/wp\/v2\/comments?post=1606"}],"version-history":[{"count":10,"href":"https:\/\/www.fluetjerhof.de\/fr\/wp-json\/wp\/v2\/pages\/1606\/revisions"}],"predecessor-version":[{"id":3083,"href":"https:\/\/www.fluetjerhof.de\/fr\/wp-json\/wp\/v2\/pages\/1606\/revisions\/3083"}],"wp:attachment":[{"href":"https:\/\/www.fluetjerhof.de\/fr\/wp-json\/wp\/v2\/media?parent=1606"}],"curies":[{"name":"wp","href":"https:\/\/api.w.org\/{rel}","templated":true}]}}