{"id":1660,"date":"2020-03-13T12:16:05","date_gmt":"2020-03-13T11:16:05","guid":{"rendered":"https:\/\/www.fluetjerhof.de\/notre-chien-de-ferme\/"},"modified":"2022-04-18T12:12:03","modified_gmt":"2022-04-18T10:12:03","slug":"notre-chien-de-ferme","status":"publish","type":"page","link":"https:\/\/www.fluetjerhof.de\/fr\/notre-chien-de-ferme\/","title":{"rendered":"Notre chien de ferme"},"content":{"rendered":"\t\t<div data-elementor-type=\"wp-page\" data-elementor-id=\"1660\" class=\"elementor elementor-1660 elementor-39\">\n\t\t\t\t\t\t<section class=\"elementor-section elementor-top-section elementor-element elementor-element-5e3a0b60 elementor-section-content-middle elementor-section-boxed elementor-section-height-default elementor-section-height-default\" data-id=\"5e3a0b60\" data-element_type=\"section\" data-e-type=\"section\" data-settings=\"{&quot;background_background&quot;:&quot;classic&quot;}\">\n\t\t\t\t\t\t\t<div class=\"elementor-background-overlay\"><\/div>\n\t\t\t\t\t\t\t<div class=\"elementor-container elementor-column-gap-default\">\n\t\t\t\t\t<div class=\"elementor-column elementor-col-100 elementor-top-column elementor-element elementor-element-285a206f\" data-id=\"285a206f\" data-element_type=\"column\" data-e-type=\"column\">\n\t\t\t<div class=\"elementor-widget-wrap elementor-element-populated\">\n\t\t\t\t\t\t<div class=\"elementor-element elementor-element-49a0530f elementor-widget elementor-widget-heading\" data-id=\"49a0530f\" data-element_type=\"widget\" data-e-type=\"widget\" data-widget_type=\"heading.default\">\n\t\t\t\t<div class=\"elementor-widget-container\">\n\t\t\t\t\t<h1 class=\"elementor-heading-title elementor-size-default\">Le meilleur ami de l'homme<\/h1>\t\t\t\t<\/div>\n\t\t\t\t<\/div>\n\t\t\t\t\t<\/div>\n\t\t<\/div>\n\t\t\t\t\t<\/div>\n\t\t<\/section>\n\t\t\t\t<section class=\"elementor-section elementor-top-section elementor-element elementor-element-55599fc elementor-section-content-middle elementor-section-boxed elementor-section-height-default elementor-section-height-default\" data-id=\"55599fc\" data-element_type=\"section\" data-e-type=\"section\">\n\t\t\t\t\t\t<div class=\"elementor-container elementor-column-gap-default\">\n\t\t\t\t\t<div class=\"elementor-column elementor-col-50 elementor-top-column elementor-element elementor-element-c58708e\" data-id=\"c58708e\" data-element_type=\"column\" data-e-type=\"column\">\n\t\t\t<div class=\"elementor-widget-wrap elementor-element-populated\">\n\t\t\t\t\t\t<div class=\"elementor-element elementor-element-be00cf8 elementor-widget elementor-widget-image\" data-id=\"be00cf8\" data-element_type=\"widget\" data-e-type=\"widget\" data-widget_type=\"image.default\">\n\t\t\t\t<div class=\"elementor-widget-container\">\n\t\t\t\t\t\t\t\t\t\t\t\t\t\t\t<img fetchpriority=\"high\" decoding=\"async\" width=\"300\" height=\"260\" src=\"https:\/\/www.fluetjerhof.de\/wp-content\/uploads\/2020\/03\/Fluetjerhof-Shadow-auf-Wiese-300x260.jpg\" class=\"attachment-medium size-medium wp-image-1260\" alt=\"\" srcset=\"https:\/\/www.fluetjerhof.de\/wp-content\/uploads\/2020\/03\/Fluetjerhof-Shadow-auf-Wiese-300x260.jpg 300w, https:\/\/www.fluetjerhof.de\/wp-content\/uploads\/2020\/03\/Fluetjerhof-Shadow-auf-Wiese-768x665.jpg 768w\" sizes=\"(max-width: 300px) 100vw, 300px\" \/>\t\t\t\t\t\t\t\t\t\t\t\t\t\t\t<\/div>\n\t\t\t\t<\/div>\n\t\t\t\t\t<\/div>\n\t\t<\/div>\n\t\t\t\t<div class=\"elementor-column elementor-col-50 elementor-top-column elementor-element elementor-element-5793305\" data-id=\"5793305\" data-element_type=\"column\" data-e-type=\"column\">\n\t\t\t<div class=\"elementor-widget-wrap elementor-element-populated\">\n\t\t\t\t\t\t<div class=\"elementor-element elementor-element-4c09216 elementor-widget elementor-widget-image\" data-id=\"4c09216\" data-element_type=\"widget\" data-e-type=\"widget\" data-widget_type=\"image.default\">\n\t\t\t\t<div class=\"elementor-widget-container\">\n\t\t\t\t\t\t\t\t\t\t\t\t\t\t\t<img decoding=\"async\" width=\"768\" height=\"523\" src=\"https:\/\/www.fluetjerhof.de\/wp-content\/uploads\/2020\/03\/Fluetjerhof-Wie-Hund-und-Katz-768x523.jpg\" class=\"attachment-medium_large size-medium_large wp-image-1264\" alt=\"\" srcset=\"https:\/\/www.fluetjerhof.de\/wp-content\/uploads\/2020\/03\/Fluetjerhof-Wie-Hund-und-Katz-768x523.jpg 768w, https:\/\/www.fluetjerhof.de\/wp-content\/uploads\/2020\/03\/Fluetjerhof-Wie-Hund-und-Katz-300x204.jpg 300w, https:\/\/www.fluetjerhof.de\/wp-content\/uploads\/2020\/03\/Fluetjerhof-Wie-Hund-und-Katz-1024x698.jpg 1024w, https:\/\/www.fluetjerhof.de\/wp-content\/uploads\/2020\/03\/Fluetjerhof-Wie-Hund-und-Katz.jpg 1500w\" sizes=\"(max-width: 768px) 100vw, 768px\" \/>\t\t\t\t\t\t\t\t\t\t\t\t\t\t\t<\/div>\n\t\t\t\t<\/div>\n\t\t\t\t\t<\/div>\n\t\t<\/div>\n\t\t\t\t\t<\/div>\n\t\t<\/section>\n\t\t\t\t<section class=\"elementor-section elementor-top-section elementor-element elementor-element-4c156a4 elementor-section-content-middle elementor-section-boxed elementor-section-height-default elementor-section-height-default\" data-id=\"4c156a4\" data-element_type=\"section\" data-e-type=\"section\">\n\t\t\t\t\t\t<div class=\"elementor-container elementor-column-gap-default\">\n\t\t\t\t\t<div class=\"elementor-column elementor-col-33 elementor-top-column elementor-element elementor-element-98a88c7\" data-id=\"98a88c7\" data-element_type=\"column\" data-e-type=\"column\">\n\t\t\t<div class=\"elementor-widget-wrap elementor-element-populated\">\n\t\t\t\t\t\t<div class=\"elementor-element elementor-element-1b5d96d elementor-widget elementor-widget-image\" data-id=\"1b5d96d\" data-element_type=\"widget\" data-e-type=\"widget\" data-widget_type=\"image.default\">\n\t\t\t\t<div class=\"elementor-widget-container\">\n\t\t\t\t\t\t\t\t\t\t\t\t\t\t\t<img decoding=\"async\" width=\"225\" height=\"300\" src=\"https:\/\/www.fluetjerhof.de\/wp-content\/uploads\/2020\/03\/Fluetjerhof-Hund-sitzt-im-Gras-225x300.jpg\" class=\"attachment-medium size-medium wp-image-1252\" alt=\"\" srcset=\"https:\/\/www.fluetjerhof.de\/wp-content\/uploads\/2020\/03\/Fluetjerhof-Hund-sitzt-im-Gras-225x300.jpg 225w, https:\/\/www.fluetjerhof.de\/wp-content\/uploads\/2020\/03\/Fluetjerhof-Hund-sitzt-im-Gras-768x1024.jpg 768w, https:\/\/www.fluetjerhof.de\/wp-content\/uploads\/2020\/03\/Fluetjerhof-Hund-sitzt-im-Gras.jpg 1000w\" sizes=\"(max-width: 225px) 100vw, 225px\" \/>\t\t\t\t\t\t\t\t\t\t\t\t\t\t\t<\/div>\n\t\t\t\t<\/div>\n\t\t\t\t\t<\/div>\n\t\t<\/div>\n\t\t\t\t<div class=\"elementor-column elementor-col-33 elementor-top-column elementor-element elementor-element-1aa24f2\" data-id=\"1aa24f2\" data-element_type=\"column\" data-e-type=\"column\">\n\t\t\t<div class=\"elementor-widget-wrap elementor-element-populated\">\n\t\t\t\t\t\t<div class=\"elementor-element elementor-element-8db90a9 elementor-widget elementor-widget-image\" data-id=\"8db90a9\" data-element_type=\"widget\" data-e-type=\"widget\" data-widget_type=\"image.default\">\n\t\t\t\t<div class=\"elementor-widget-container\">\n\t\t\t\t\t\t\t\t\t\t\t\t\t\t\t<img loading=\"lazy\" decoding=\"async\" width=\"169\" height=\"300\" src=\"https:\/\/www.fluetjerhof.de\/wp-content\/uploads\/2020\/04\/Fluetjerhof_Hund_Zunge_s-169x300.jpg\" class=\"attachment-medium size-medium wp-image-1668\" alt=\"\" srcset=\"https:\/\/www.fluetjerhof.de\/wp-content\/uploads\/2020\/04\/Fluetjerhof_Hund_Zunge_s-169x300.jpg 169w, https:\/\/www.fluetjerhof.de\/wp-content\/uploads\/2020\/04\/Fluetjerhof_Hund_Zunge_s.jpg 250w\" sizes=\"(max-width: 169px) 100vw, 169px\" \/>\t\t\t\t\t\t\t\t\t\t\t\t\t\t\t<\/div>\n\t\t\t\t<\/div>\n\t\t\t\t\t<\/div>\n\t\t<\/div>\n\t\t\t\t<div class=\"elementor-column elementor-col-33 elementor-top-column elementor-element elementor-element-44f48bc\" data-id=\"44f48bc\" data-element_type=\"column\" data-e-type=\"column\">\n\t\t\t<div class=\"elementor-widget-wrap elementor-element-populated\">\n\t\t\t\t\t\t<div class=\"elementor-element elementor-element-790a354 elementor-widget elementor-widget-image\" data-id=\"790a354\" data-element_type=\"widget\" data-e-type=\"widget\" data-widget_type=\"image.default\">\n\t\t\t\t<div class=\"elementor-widget-container\">\n\t\t\t\t\t\t\t\t\t\t\t\t\t\t\t<img loading=\"lazy\" decoding=\"async\" width=\"221\" height=\"300\" src=\"https:\/\/www.fluetjerhof.de\/wp-content\/uploads\/2020\/03\/Fluetjerhof-Hund-im-Katzenk\u00f6rbchen-221x300.jpg\" class=\"attachment-medium size-medium wp-image-1250\" alt=\"\" srcset=\"https:\/\/www.fluetjerhof.de\/wp-content\/uploads\/2020\/03\/Fluetjerhof-Hund-im-Katzenk\u00f6rbchen-221x300.jpg 221w, https:\/\/www.fluetjerhof.de\/wp-content\/uploads\/2020\/03\/Fluetjerhof-Hund-im-Katzenk\u00f6rbchen-754x1024.jpg 754w, https:\/\/www.fluetjerhof.de\/wp-content\/uploads\/2020\/03\/Fluetjerhof-Hund-im-Katzenk\u00f6rbchen-768x1043.jpg 768w, https:\/\/www.fluetjerhof.de\/wp-content\/uploads\/2020\/03\/Fluetjerhof-Hund-im-Katzenk\u00f6rbchen.jpg 1000w\" sizes=\"(max-width: 221px) 100vw, 221px\" \/>\t\t\t\t\t\t\t\t\t\t\t\t\t\t\t<\/div>\n\t\t\t\t<\/div>\n\t\t\t\t\t<\/div>\n\t\t<\/div>\n\t\t\t\t\t<\/div>\n\t\t<\/section>\n\t\t\t\t<section class=\"elementor-section elementor-top-section elementor-element elementor-element-4db96c6 elementor-section-boxed elementor-section-height-default elementor-section-height-default\" data-id=\"4db96c6\" data-element_type=\"section\" data-e-type=\"section\">\n\t\t\t\t\t\t<div class=\"elementor-container elementor-column-gap-default\">\n\t\t\t\t\t<div class=\"elementor-column elementor-col-100 elementor-top-column elementor-element elementor-element-322549b\" data-id=\"322549b\" data-element_type=\"column\" data-e-type=\"column\">\n\t\t\t<div class=\"elementor-widget-wrap elementor-element-populated\">\n\t\t\t\t\t\t<div class=\"elementor-element elementor-element-bcb9a7d elementor-widget elementor-widget-text-editor\" data-id=\"bcb9a7d\" data-element_type=\"widget\" data-e-type=\"widget\" data-widget_type=\"text-editor.default\">\n\t\t\t\t<div class=\"elementor-widget-container\">\n\t\t\t\t\t\t\t\t\t<p>Notre douce et initialement tr\u00e8s timide princesse d&rsquo;Espagne. Princessa. Elle n&rsquo;\u00e9coutait m\u00eame pas son nom, mais courait toujours apr\u00e8s Maren. C&rsquo;est ainsi qu&rsquo;elle est devenue \u00ab\u00a0Shadow\u00a0\u00bb. Elle est venue chez nous en 2018, des amoureux des animaux allemands l&rsquo;ont r\u00e9cup\u00e9r\u00e9e dans une station d&rsquo;abattage en Espagne. Elle est tout simplement merveilleuse, douce, tr\u00e8s prudente, jamais gourmande. Plus du type anxieux.<\/p>\t\t\t\t\t\t\t\t<\/div>\n\t\t\t\t<\/div>\n\t\t\t\t\t<\/div>\n\t\t<\/div>\n\t\t\t\t\t<\/div>\n\t\t<\/section>\n\t\t\t\t<\/div>\n\t\t","protected":false},"excerpt":{"rendered":"<p>Le meilleur ami de l&rsquo;homme Notre douce et initialement tr\u00e8s timide princesse d&rsquo;Espagne. Princessa. Elle n&rsquo;\u00e9coutait m\u00eame pas son nom, mais courait toujours apr\u00e8s Maren. C&rsquo;est ainsi qu&rsquo;elle est devenue \u00ab\u00a0Shadow\u00a0\u00bb. Elle est venue chez nous en 2018, des amoureux des animaux allemands l&rsquo;ont r\u00e9cup\u00e9r\u00e9e dans une station d&rsquo;abattage en Espagne. Elle est tout simplement [&hellip;]<\/p>\n","protected":false},"author":1,"featured_media":0,"parent":0,"menu_order":0,"comment_status":"closed","ping_status":"closed","template":"elementor_header_footer","meta":{"ocean_post_layout":"","ocean_both_sidebars_style":"","ocean_both_sidebars_content_width":0,"ocean_both_sidebars_sidebars_width":0,"ocean_sidebar":"","ocean_second_sidebar":"","ocean_disable_margins":"enable","ocean_add_body_class":"","ocean_shortcode_before_top_bar":"","ocean_shortcode_after_top_bar":"","ocean_shortcode_before_header":"","ocean_shortcode_after_header":"","ocean_has_shortcode":"","ocean_shortcode_after_title":"","ocean_shortcode_before_footer_widgets":"","ocean_shortcode_after_footer_widgets":"","ocean_shortcode_before_footer_bottom":"","ocean_shortcode_after_footer_bottom":"","ocean_display_top_bar":"default","ocean_display_header":"default","ocean_header_style":"","ocean_center_header_left_menu":"","ocean_custom_header_template":"","ocean_custom_logo":0,"ocean_custom_retina_logo":0,"ocean_custom_logo_max_width":0,"ocean_custom_logo_tablet_max_width":0,"ocean_custom_logo_mobile_max_width":0,"ocean_custom_logo_max_height":0,"ocean_custom_logo_tablet_max_height":0,"ocean_custom_logo_mobile_max_height":0,"ocean_header_custom_menu":"","ocean_menu_typo_font_family":"","ocean_menu_typo_font_subset":"","ocean_menu_typo_font_size":0,"ocean_menu_typo_font_size_tablet":0,"ocean_menu_typo_font_size_mobile":0,"ocean_menu_typo_font_size_unit":"px","ocean_menu_typo_font_weight":"","ocean_menu_typo_font_weight_tablet":"","ocean_menu_typo_font_weight_mobile":"","ocean_menu_typo_transform":"","ocean_menu_typo_transform_tablet":"","ocean_menu_typo_transform_mobile":"","ocean_menu_typo_line_height":0,"ocean_menu_typo_line_height_tablet":0,"ocean_menu_typo_line_height_mobile":0,"ocean_menu_typo_line_height_unit":"","ocean_menu_typo_spacing":0,"ocean_menu_typo_spacing_tablet":0,"ocean_menu_typo_spacing_mobile":0,"ocean_menu_typo_spacing_unit":"","ocean_menu_link_color":"","ocean_menu_link_color_hover":"","ocean_menu_link_color_active":"","ocean_menu_link_background":"","ocean_menu_link_hover_background":"","ocean_menu_link_active_background":"","ocean_menu_social_links_bg":"","ocean_menu_social_hover_links_bg":"","ocean_menu_social_links_color":"","ocean_menu_social_hover_links_color":"","ocean_disable_title":"default","ocean_disable_heading":"default","ocean_post_title":"","ocean_post_subheading":"","ocean_post_title_style":"","ocean_post_title_background_color":"","ocean_post_title_background":0,"ocean_post_title_bg_image_position":"","ocean_post_title_bg_image_attachment":"","ocean_post_title_bg_image_repeat":"","ocean_post_title_bg_image_size":"","ocean_post_title_height":0,"ocean_post_title_bg_overlay":0.5,"ocean_post_title_bg_overlay_color":"","ocean_disable_breadcrumbs":"default","ocean_breadcrumbs_color":"","ocean_breadcrumbs_separator_color":"","ocean_breadcrumbs_links_color":"","ocean_breadcrumbs_links_hover_color":"","ocean_display_footer_widgets":"default","ocean_display_footer_bottom":"default","ocean_custom_footer_template":"","_themeisle_gutenberg_block_has_review":false,"footnotes":""},"class_list":["post-1660","page","type-page","status-publish","hentry","entry"],"yoast_head":"<!-- This site is optimized with the Yoast SEO plugin v27.3 - https:\/\/yoast.com\/product\/yoast-seo-wordpress\/ -->\n<title>Notre chien de ferme - Fl\u00fctjerhof - dein Hof zum Anfassen<\/title>\n<meta name=\"description\" content=\"Le meilleur ami de l&#039;homme. Notre douce et initialement tr\u00e8s timide princesse d&#039;Espagne. Princessa est pr\u00e9sent\u00e9e ici.\" \/>\n<meta name=\"robots\" content=\"index, follow, max-snippet:-1, max-image-preview:large, max-video-preview:-1\" \/>\n<link rel=\"canonical\" href=\"https:\/\/www.fluetjerhof.de\/fr\/notre-chien-de-ferme\/\" \/>\n<meta property=\"og:locale\" content=\"fr_FR\" \/>\n<meta property=\"og:type\" content=\"article\" \/>\n<meta property=\"og:title\" content=\"Notre chien de ferme - Fl\u00fctjerhof - dein Hof zum Anfassen\" \/>\n<meta property=\"og:description\" content=\"Le meilleur ami de l&#039;homme. Notre douce et initialement tr\u00e8s timide princesse d&#039;Espagne. Princessa est pr\u00e9sent\u00e9e ici.\" \/>\n<meta property=\"og:url\" content=\"https:\/\/www.fluetjerhof.de\/fr\/notre-chien-de-ferme\/\" \/>\n<meta property=\"og:site_name\" content=\"Fl\u00fctjerhof - dein Hof zum Anfassen\" \/>\n<meta property=\"article:modified_time\" content=\"2022-04-18T10:12:03+00:00\" \/>\n<meta property=\"og:image\" content=\"https:\/\/www.fluetjerhof.de\/wp-content\/uploads\/2020\/03\/Fluetjerhof-Shadow-auf-Wiese-300x260.jpg\" \/>\n<meta name=\"twitter:card\" content=\"summary_large_image\" \/>\n<script type=\"application\/ld+json\" class=\"yoast-schema-graph\">{\"@context\":\"https:\\\/\\\/schema.org\",\"@graph\":[{\"@type\":\"WebPage\",\"@id\":\"https:\\\/\\\/www.fluetjerhof.de\\\/fr\\\/notre-chien-de-ferme\\\/\",\"url\":\"https:\\\/\\\/www.fluetjerhof.de\\\/fr\\\/notre-chien-de-ferme\\\/\",\"name\":\"Notre chien de ferme - Fl\u00fctjerhof - dein Hof zum Anfassen\",\"isPartOf\":{\"@id\":\"https:\\\/\\\/www.fluetjerhof.de\\\/fr\\\/#website\"},\"primaryImageOfPage\":{\"@id\":\"https:\\\/\\\/www.fluetjerhof.de\\\/fr\\\/notre-chien-de-ferme\\\/#primaryimage\"},\"image\":{\"@id\":\"https:\\\/\\\/www.fluetjerhof.de\\\/fr\\\/notre-chien-de-ferme\\\/#primaryimage\"},\"thumbnailUrl\":\"https:\\\/\\\/www.fluetjerhof.de\\\/wp-content\\\/uploads\\\/2020\\\/03\\\/Fluetjerhof-Shadow-auf-Wiese-300x260.jpg\",\"datePublished\":\"2020-03-13T11:16:05+00:00\",\"dateModified\":\"2022-04-18T10:12:03+00:00\",\"description\":\"Le meilleur ami de l'homme. Notre douce et initialement tr\u00e8s timide princesse d'Espagne. Princessa est pr\u00e9sent\u00e9e ici.\",\"breadcrumb\":{\"@id\":\"https:\\\/\\\/www.fluetjerhof.de\\\/fr\\\/notre-chien-de-ferme\\\/#breadcrumb\"},\"inLanguage\":\"fr-FR\",\"potentialAction\":[{\"@type\":\"ReadAction\",\"target\":[\"https:\\\/\\\/www.fluetjerhof.de\\\/fr\\\/notre-chien-de-ferme\\\/\"]}]},{\"@type\":\"ImageObject\",\"inLanguage\":\"fr-FR\",\"@id\":\"https:\\\/\\\/www.fluetjerhof.de\\\/fr\\\/notre-chien-de-ferme\\\/#primaryimage\",\"url\":\"https:\\\/\\\/www.fluetjerhof.de\\\/wp-content\\\/uploads\\\/2020\\\/03\\\/Fluetjerhof-Shadow-auf-Wiese-300x260.jpg\",\"contentUrl\":\"https:\\\/\\\/www.fluetjerhof.de\\\/wp-content\\\/uploads\\\/2020\\\/03\\\/Fluetjerhof-Shadow-auf-Wiese-300x260.jpg\"},{\"@type\":\"BreadcrumbList\",\"@id\":\"https:\\\/\\\/www.fluetjerhof.de\\\/fr\\\/notre-chien-de-ferme\\\/#breadcrumb\",\"itemListElement\":[{\"@type\":\"ListItem\",\"position\":1,\"name\":\"Startseite\",\"item\":\"https:\\\/\\\/www.fluetjerhof.de\\\/fr\\\/\"},{\"@type\":\"ListItem\",\"position\":2,\"name\":\"Notre chien de ferme\"}]},{\"@type\":\"WebSite\",\"@id\":\"https:\\\/\\\/www.fluetjerhof.de\\\/fr\\\/#website\",\"url\":\"https:\\\/\\\/www.fluetjerhof.de\\\/fr\\\/\",\"name\":\"Fl\u00fctjerhof - dein Hof zum Anfassen\",\"description\":\"Kuhkuscheln, Pferde und mehr\",\"publisher\":{\"@id\":\"https:\\\/\\\/www.fluetjerhof.de\\\/fr\\\/#organization\"},\"potentialAction\":[{\"@type\":\"SearchAction\",\"target\":{\"@type\":\"EntryPoint\",\"urlTemplate\":\"https:\\\/\\\/www.fluetjerhof.de\\\/fr\\\/?s={search_term_string}\"},\"query-input\":{\"@type\":\"PropertyValueSpecification\",\"valueRequired\":true,\"valueName\":\"search_term_string\"}}],\"inLanguage\":\"fr-FR\"},{\"@type\":\"Organization\",\"@id\":\"https:\\\/\\\/www.fluetjerhof.de\\\/fr\\\/#organization\",\"name\":\"Fl\u00fctjerhof - dein Hof zum Anfassen\",\"url\":\"https:\\\/\\\/www.fluetjerhof.de\\\/fr\\\/\",\"logo\":{\"@type\":\"ImageObject\",\"inLanguage\":\"fr-FR\",\"@id\":\"https:\\\/\\\/www.fluetjerhof.de\\\/fr\\\/#\\\/schema\\\/logo\\\/image\\\/\",\"url\":\"https:\\\/\\\/www.fluetjerhof.de\\\/wp-content\\\/uploads\\\/2020\\\/04\\\/maren-logo-transparent-xs2.png\",\"contentUrl\":\"https:\\\/\\\/www.fluetjerhof.de\\\/wp-content\\\/uploads\\\/2020\\\/04\\\/maren-logo-transparent-xs2.png\",\"width\":120,\"height\":130,\"caption\":\"Fl\u00fctjerhof - dein Hof zum Anfassen\"},\"image\":{\"@id\":\"https:\\\/\\\/www.fluetjerhof.de\\\/fr\\\/#\\\/schema\\\/logo\\\/image\\\/\"}}]}<\/script>\n<!-- \/ Yoast SEO plugin. -->","yoast_head_json":{"title":"Notre chien de ferme - Fl\u00fctjerhof - dein Hof zum Anfassen","description":"Le meilleur ami de l'homme. Notre douce et initialement tr\u00e8s timide princesse d'Espagne. Princessa est pr\u00e9sent\u00e9e ici.","robots":{"index":"index","follow":"follow","max-snippet":"max-snippet:-1","max-image-preview":"max-image-preview:large","max-video-preview":"max-video-preview:-1"},"canonical":"https:\/\/www.fluetjerhof.de\/fr\/notre-chien-de-ferme\/","og_locale":"fr_FR","og_type":"article","og_title":"Notre chien de ferme - Fl\u00fctjerhof - dein Hof zum Anfassen","og_description":"Le meilleur ami de l'homme. Notre douce et initialement tr\u00e8s timide princesse d'Espagne. Princessa est pr\u00e9sent\u00e9e ici.","og_url":"https:\/\/www.fluetjerhof.de\/fr\/notre-chien-de-ferme\/","og_site_name":"Fl\u00fctjerhof - dein Hof zum Anfassen","article_modified_time":"2022-04-18T10:12:03+00:00","og_image":[{"url":"https:\/\/www.fluetjerhof.de\/wp-content\/uploads\/2020\/03\/Fluetjerhof-Shadow-auf-Wiese-300x260.jpg","type":"","width":"","height":""}],"twitter_card":"summary_large_image","schema":{"@context":"https:\/\/schema.org","@graph":[{"@type":"WebPage","@id":"https:\/\/www.fluetjerhof.de\/fr\/notre-chien-de-ferme\/","url":"https:\/\/www.fluetjerhof.de\/fr\/notre-chien-de-ferme\/","name":"Notre chien de ferme - Fl\u00fctjerhof - dein Hof zum Anfassen","isPartOf":{"@id":"https:\/\/www.fluetjerhof.de\/fr\/#website"},"primaryImageOfPage":{"@id":"https:\/\/www.fluetjerhof.de\/fr\/notre-chien-de-ferme\/#primaryimage"},"image":{"@id":"https:\/\/www.fluetjerhof.de\/fr\/notre-chien-de-ferme\/#primaryimage"},"thumbnailUrl":"https:\/\/www.fluetjerhof.de\/wp-content\/uploads\/2020\/03\/Fluetjerhof-Shadow-auf-Wiese-300x260.jpg","datePublished":"2020-03-13T11:16:05+00:00","dateModified":"2022-04-18T10:12:03+00:00","description":"Le meilleur ami de l'homme. Notre douce et initialement tr\u00e8s timide princesse d'Espagne. Princessa est pr\u00e9sent\u00e9e ici.","breadcrumb":{"@id":"https:\/\/www.fluetjerhof.de\/fr\/notre-chien-de-ferme\/#breadcrumb"},"inLanguage":"fr-FR","potentialAction":[{"@type":"ReadAction","target":["https:\/\/www.fluetjerhof.de\/fr\/notre-chien-de-ferme\/"]}]},{"@type":"ImageObject","inLanguage":"fr-FR","@id":"https:\/\/www.fluetjerhof.de\/fr\/notre-chien-de-ferme\/#primaryimage","url":"https:\/\/www.fluetjerhof.de\/wp-content\/uploads\/2020\/03\/Fluetjerhof-Shadow-auf-Wiese-300x260.jpg","contentUrl":"https:\/\/www.fluetjerhof.de\/wp-content\/uploads\/2020\/03\/Fluetjerhof-Shadow-auf-Wiese-300x260.jpg"},{"@type":"BreadcrumbList","@id":"https:\/\/www.fluetjerhof.de\/fr\/notre-chien-de-ferme\/#breadcrumb","itemListElement":[{"@type":"ListItem","position":1,"name":"Startseite","item":"https:\/\/www.fluetjerhof.de\/fr\/"},{"@type":"ListItem","position":2,"name":"Notre chien de ferme"}]},{"@type":"WebSite","@id":"https:\/\/www.fluetjerhof.de\/fr\/#website","url":"https:\/\/www.fluetjerhof.de\/fr\/","name":"Fl\u00fctjerhof - dein Hof zum Anfassen","description":"Kuhkuscheln, Pferde und mehr","publisher":{"@id":"https:\/\/www.fluetjerhof.de\/fr\/#organization"},"potentialAction":[{"@type":"SearchAction","target":{"@type":"EntryPoint","urlTemplate":"https:\/\/www.fluetjerhof.de\/fr\/?s={search_term_string}"},"query-input":{"@type":"PropertyValueSpecification","valueRequired":true,"valueName":"search_term_string"}}],"inLanguage":"fr-FR"},{"@type":"Organization","@id":"https:\/\/www.fluetjerhof.de\/fr\/#organization","name":"Fl\u00fctjerhof - dein Hof zum Anfassen","url":"https:\/\/www.fluetjerhof.de\/fr\/","logo":{"@type":"ImageObject","inLanguage":"fr-FR","@id":"https:\/\/www.fluetjerhof.de\/fr\/#\/schema\/logo\/image\/","url":"https:\/\/www.fluetjerhof.de\/wp-content\/uploads\/2020\/04\/maren-logo-transparent-xs2.png","contentUrl":"https:\/\/www.fluetjerhof.de\/wp-content\/uploads\/2020\/04\/maren-logo-transparent-xs2.png","width":120,"height":130,"caption":"Fl\u00fctjerhof - dein Hof zum Anfassen"},"image":{"@id":"https:\/\/www.fluetjerhof.de\/fr\/#\/schema\/logo\/image\/"}}]}},"_links":{"self":[{"href":"https:\/\/www.fluetjerhof.de\/fr\/wp-json\/wp\/v2\/pages\/1660","targetHints":{"allow":["GET"]}}],"collection":[{"href":"https:\/\/www.fluetjerhof.de\/fr\/wp-json\/wp\/v2\/pages"}],"about":[{"href":"https:\/\/www.fluetjerhof.de\/fr\/wp-json\/wp\/v2\/types\/page"}],"author":[{"embeddable":true,"href":"https:\/\/www.fluetjerhof.de\/fr\/wp-json\/wp\/v2\/users\/1"}],"replies":[{"embeddable":true,"href":"https:\/\/www.fluetjerhof.de\/fr\/wp-json\/wp\/v2\/comments?post=1660"}],"version-history":[{"count":4,"href":"https:\/\/www.fluetjerhof.de\/fr\/wp-json\/wp\/v2\/pages\/1660\/revisions"}],"predecessor-version":[{"id":2671,"href":"https:\/\/www.fluetjerhof.de\/fr\/wp-json\/wp\/v2\/pages\/1660\/revisions\/2671"}],"wp:attachment":[{"href":"https:\/\/www.fluetjerhof.de\/fr\/wp-json\/wp\/v2\/media?parent=1660"}],"curies":[{"name":"wp","href":"https:\/\/api.w.org\/{rel}","templated":true}]}}