{"id":1663,"date":"2020-03-13T11:52:41","date_gmt":"2020-03-13T10:52:41","guid":{"rendered":"https:\/\/www.fluetjerhof.de\/a-propos-de-nous\/"},"modified":"2022-04-18T11:29:01","modified_gmt":"2022-04-18T09:29:01","slug":"a-propos-de-nous","status":"publish","type":"page","link":"https:\/\/www.fluetjerhof.de\/fr\/a-propos-de-nous\/","title":{"rendered":"\u00e0 propos de nous"},"content":{"rendered":"\t\t<div data-elementor-type=\"wp-page\" data-elementor-id=\"1663\" class=\"elementor elementor-1663 elementor-16\">\n\t\t\t\t\t\t<section class=\"elementor-section elementor-top-section elementor-element elementor-element-2076e8d elementor-section-content-middle elementor-section-boxed elementor-section-height-default elementor-section-height-default\" data-id=\"2076e8d\" data-element_type=\"section\" data-e-type=\"section\" data-settings=\"{&quot;background_background&quot;:&quot;classic&quot;}\">\n\t\t\t\t\t\t\t<div class=\"elementor-background-overlay\"><\/div>\n\t\t\t\t\t\t\t<div class=\"elementor-container elementor-column-gap-no\">\n\t\t\t\t\t<div class=\"elementor-column elementor-col-100 elementor-top-column elementor-element elementor-element-2263c19e\" data-id=\"2263c19e\" data-element_type=\"column\" data-e-type=\"column\">\n\t\t\t<div class=\"elementor-widget-wrap elementor-element-populated\">\n\t\t\t\t\t\t<div class=\"elementor-element elementor-element-25d8c94a elementor-widget elementor-widget-heading\" data-id=\"25d8c94a\" data-element_type=\"widget\" data-e-type=\"widget\" data-widget_type=\"heading.default\">\n\t\t\t\t<div class=\"elementor-widget-container\">\n\t\t\t\t\t<h1 class=\"elementor-heading-title elementor-size-default\">\u00e0 propos de nous<\/h1>\t\t\t\t<\/div>\n\t\t\t\t<\/div>\n\t\t\t\t<div class=\"elementor-element elementor-element-b595434 elementor-hidden-tablet elementor-hidden-phone elementor-widget-divider--view-line elementor-widget elementor-widget-divider\" data-id=\"b595434\" data-element_type=\"widget\" data-e-type=\"widget\" data-widget_type=\"divider.default\">\n\t\t\t\t<div class=\"elementor-widget-container\">\n\t\t\t\t\t\t\t<div class=\"elementor-divider\">\n\t\t\t<span class=\"elementor-divider-separator\">\n\t\t\t\t\t\t<\/span>\n\t\t<\/div>\n\t\t\t\t\t\t<\/div>\n\t\t\t\t<\/div>\n\t\t\t\t<div class=\"elementor-element elementor-element-2b29c8c6 elementor-widget elementor-widget-text-editor\" data-id=\"2b29c8c6\" data-element_type=\"widget\" data-e-type=\"widget\" data-widget_type=\"text-editor.default\">\n\t\t\t\t<div class=\"elementor-widget-container\">\n\t\t\t\t\t\t\t\t\t<p>Le Fl\u00fctjerhof<\/p>\t\t\t\t\t\t\t\t<\/div>\n\t\t\t\t<\/div>\n\t\t\t\t\t<\/div>\n\t\t<\/div>\n\t\t\t\t\t<\/div>\n\t\t<\/section>\n\t\t\t\t<section class=\"elementor-section elementor-top-section elementor-element elementor-element-b3e5244 elementor-section-content-middle elementor-section-boxed elementor-section-height-default elementor-section-height-default\" data-id=\"b3e5244\" data-element_type=\"section\" data-e-type=\"section\">\n\t\t\t\t\t\t<div class=\"elementor-container elementor-column-gap-wider\">\n\t\t\t\t\t<div class=\"elementor-column elementor-col-50 elementor-top-column elementor-element elementor-element-409f9e0\" data-id=\"409f9e0\" data-element_type=\"column\" data-e-type=\"column\">\n\t\t\t<div class=\"elementor-widget-wrap elementor-element-populated\">\n\t\t\t\t\t\t<div class=\"elementor-element elementor-element-71240e98 elementor-widget elementor-widget-heading\" data-id=\"71240e98\" data-element_type=\"widget\" data-e-type=\"widget\" data-widget_type=\"heading.default\">\n\t\t\t\t<div class=\"elementor-widget-container\">\n\t\t\t\t\t<h2 class=\"elementor-heading-title elementor-size-default\">Le Fl\u00fctjerhof<\/h2>\t\t\t\t<\/div>\n\t\t\t\t<\/div>\n\t\t\t\t\t<\/div>\n\t\t<\/div>\n\t\t\t\t<div class=\"elementor-column elementor-col-50 elementor-top-column elementor-element elementor-element-5735dd5f\" data-id=\"5735dd5f\" data-element_type=\"column\" data-e-type=\"column\">\n\t\t\t<div class=\"elementor-widget-wrap elementor-element-populated\">\n\t\t\t\t\t\t<div class=\"elementor-element elementor-element-67032410 elementor-widget elementor-widget-text-editor\" data-id=\"67032410\" data-element_type=\"widget\" data-e-type=\"widget\" data-widget_type=\"text-editor.default\">\n\t\t\t\t<div class=\"elementor-widget-container\">\n\t\t\t\t\t\t\t\t\t<p>Murs de fondation de 2,5 m &#8211; reconstruction apr\u00e8s le grand incendie de Dransfeld en 1884.<\/p>\t\t\t\t\t\t\t\t<\/div>\n\t\t\t\t<\/div>\n\t\t\t\t<div class=\"elementor-element elementor-element-357b5e6b elementor-widget elementor-widget-text-editor\" data-id=\"357b5e6b\" data-element_type=\"widget\" data-e-type=\"widget\" data-widget_type=\"text-editor.default\">\n\t\t\t\t<div class=\"elementor-widget-container\">\n\t\t\t\t\t\t\t\t\t<p>Reprise de l&rsquo;ancienne propri\u00e9t\u00e9 familiale Dransfeld en 2010 par Ingo Volkmer et Maren Cuckson.<\/p><p>Amoureusement restaur\u00e9 &#8211; jamais termin\u00e9 &#8211; nouvelles lignes d&rsquo;eau et d&rsquo;\u00e9lectricit\u00e9, nouvelles salles de bains, fen\u00eatres et portes &#8211; grandes bo\u00eetes construites \u00e0 partir de nombreuses petites bo\u00eetes dans les \u00e9curies, tout blanchi \u00e0 la chaux.<\/p>\t\t\t\t\t\t\t\t<\/div>\n\t\t\t\t<\/div>\n\t\t\t\t\t<\/div>\n\t\t<\/div>\n\t\t\t\t\t<\/div>\n\t\t<\/section>\n\t\t\t\t<section class=\"elementor-section elementor-top-section elementor-element elementor-element-37513527 elementor-section-content-middle elementor-section-boxed elementor-section-height-default elementor-section-height-default\" data-id=\"37513527\" data-element_type=\"section\" data-e-type=\"section\" data-settings=\"{&quot;background_background&quot;:&quot;classic&quot;}\">\n\t\t\t\t\t\t<div class=\"elementor-container elementor-column-gap-wider\">\n\t\t\t\t\t<div class=\"elementor-column elementor-col-100 elementor-top-column elementor-element elementor-element-49ec7ce5\" data-id=\"49ec7ce5\" data-element_type=\"column\" data-e-type=\"column\" data-settings=\"{&quot;background_background&quot;:&quot;classic&quot;}\">\n\t\t\t<div class=\"elementor-widget-wrap elementor-element-populated\">\n\t\t\t\t\t\t<div class=\"elementor-element elementor-element-294ca98 elementor-widget elementor-widget-image\" data-id=\"294ca98\" data-element_type=\"widget\" data-e-type=\"widget\" data-widget_type=\"image.default\">\n\t\t\t\t<div class=\"elementor-widget-container\">\n\t\t\t\t\t\t\t\t\t\t\t\t\t\t\t<img fetchpriority=\"high\" decoding=\"async\" width=\"300\" height=\"292\" src=\"https:\/\/www.fluetjerhof.de\/wp-content\/uploads\/2020\/04\/maren-logo-palette18-2-e1587047212785-300x292.jpg\" class=\"attachment-medium size-medium wp-image-1669\" alt=\"\" srcset=\"https:\/\/www.fluetjerhof.de\/wp-content\/uploads\/2020\/04\/maren-logo-palette18-2-e1587047212785-300x292.jpg 300w, https:\/\/www.fluetjerhof.de\/wp-content\/uploads\/2020\/04\/maren-logo-palette18-2-e1587047212785.jpg 742w\" sizes=\"(max-width: 300px) 100vw, 300px\" \/>\t\t\t\t\t\t\t\t\t\t\t\t\t\t\t<\/div>\n\t\t\t\t<\/div>\n\t\t\t\t<div class=\"elementor-element elementor-element-10c7348 elementor-widget elementor-widget-text-editor\" data-id=\"10c7348\" data-element_type=\"widget\" data-e-type=\"widget\" data-widget_type=\"text-editor.default\">\n\t\t\t\t<div class=\"elementor-widget-container\">\n\t\t\t\t\t\t\t\t\t<p>Le Fl\u00fctjerhof est situ\u00e9 au milieu de la petite ville de Dransfeld, pr\u00e8s de la ville universitaire de G\u00f6ttingen, \u00e0 10 km de l&rsquo;A7, \u00e0 300 m d&rsquo;altitude, sur un plateau aux fonds marins calcaires pr\u00e9histoire. Discr\u00e8tement camoufl\u00e9 comme une maison mitoyenne donnant sur la rue principale, d&rsquo;une surface au sol d&rsquo;environ 360 m\u00e8tres carr\u00e9s, m\u00e8ne \u00e0 l&rsquo;arri\u00e8re de la cour ferm\u00e9e avec ses petites \u00e9curies et dispose d&rsquo;une grange d&rsquo;environ 230 m\u00e8tres carr\u00e9s derri\u00e8re la Fl\u00fctjergasse. Dans la cour nous avons actuellement un grand box de v\u00ealage avec 3 vaches allaitantes et leurs deux veaux. Dans la grange se trouvent 2 box \u00e0 chevaux spacieux pour les 2 chevaux. Si n\u00e9cessaire, nous modifions les cases, par ex. pour le fumier lorsque le temps est trop mauvais pour un s\u00e9jour au paddock ou lorsqu&rsquo;une vache est en chaleur. La ferme, une ferme de prairie secondaire enregistr\u00e9e avec \u00e9levage de vaches allaitantes, comprend actuellement 5,6 hectares de prairie plus certaines zones plus petites comme petits sorties. Dans notre salle \u00e0 manger, il y a de la place pour 12 personnes pour la th\u00e9orie. Bien s\u00fbr aussi dans la grange, la cour int\u00e9rieure et la sellerie. En \u00e9t\u00e9, nous sommes certainement principalement \u00e0 l&rsquo;ext\u00e9rieur dans les p\u00e2turages.<\/p>\t\t\t\t\t\t\t\t<\/div>\n\t\t\t\t<\/div>\n\t\t\t\t<div class=\"elementor-element elementor-element-60b1d2c4 elementor-align-center elementor-mobile-align-center elementor-widget elementor-widget-button\" data-id=\"60b1d2c4\" data-element_type=\"widget\" data-e-type=\"widget\" data-widget_type=\"button.default\">\n\t\t\t\t<div class=\"elementor-widget-container\">\n\t\t\t\t\t\t\t\t\t<div class=\"elementor-button-wrapper\">\n\t\t\t\t\t<a class=\"elementor-button elementor-button-link elementor-size-md elementor-animation-grow\" href=\"https:\/\/www.fluetjerhof.de\/fr\/?page_id=1778\" target=\"_blank\" rel=\"nofollow\">\n\t\t\t\t\t\t<span class=\"elementor-button-content-wrapper\">\n\t\t\t\t\t\t\t\t\t<span class=\"elementor-button-text\">Cliquez ici pour l'\u00e9quipe du Fl\u00fctjerhof<\/span>\n\t\t\t\t\t<\/span>\n\t\t\t\t\t<\/a>\n\t\t\t\t<\/div>\n\t\t\t\t\t\t\t\t<\/div>\n\t\t\t\t<\/div>\n\t\t\t\t<div class=\"elementor-element elementor-element-c75ca25 elementor-widget elementor-widget-google_maps\" data-id=\"c75ca25\" data-element_type=\"widget\" data-e-type=\"widget\" data-widget_type=\"google_maps.default\">\n\t\t\t\t<div class=\"elementor-widget-container\">\n\t\t\t\t\t\t\t<div class=\"elementor-custom-embed\">\n\t\t\t<iframe loading=\"lazy\"\n\t\t\t\t\tsrc=\"https:\/\/maps.google.com\/maps?q=Lange%20Str.%2033%2C%2037127%20Dransfeld&#038;t=m&#038;z=10&#038;output=embed&#038;iwloc=near\"\n\t\t\t\t\ttitle=\"Lange Str. 33, 37127 Dransfeld\"\n\t\t\t\t\taria-label=\"Lange Str. 33, 37127 Dransfeld\"\n\t\t\t><\/iframe>\n\t\t<\/div>\n\t\t\t\t\t\t<\/div>\n\t\t\t\t<\/div>\n\t\t\t\t\t<\/div>\n\t\t<\/div>\n\t\t\t\t\t<\/div>\n\t\t<\/section>\n\t\t\t\t<section class=\"elementor-section elementor-top-section elementor-element elementor-element-7fe7a081 elementor-section-content-middle elementor-section-boxed elementor-section-height-default elementor-section-height-default\" data-id=\"7fe7a081\" data-element_type=\"section\" data-e-type=\"section\" data-settings=\"{&quot;background_background&quot;:&quot;classic&quot;}\">\n\t\t\t\t\t\t<div class=\"elementor-container elementor-column-gap-wider\">\n\t\t\t\t\t<div class=\"elementor-column elementor-col-50 elementor-top-column elementor-element elementor-element-3e480c37\" data-id=\"3e480c37\" data-element_type=\"column\" data-e-type=\"column\">\n\t\t\t<div class=\"elementor-widget-wrap elementor-element-populated\">\n\t\t\t\t\t\t<div class=\"elementor-element elementor-element-0fbc12e elementor-widget elementor-widget-text-editor\" data-id=\"0fbc12e\" data-element_type=\"widget\" data-e-type=\"widget\" data-widget_type=\"text-editor.default\">\n\t\t\t\t<div class=\"elementor-widget-container\">\n\t\t\t\t\t\t\t\t\t<p>Pour les amis du camping, nous recommandons <br><\/p>\t\t\t\t\t\t\t\t<\/div>\n\t\t\t\t<\/div>\n\t\t\t\t<div class=\"elementor-element elementor-element-7b141789 elementor-widget elementor-widget-heading\" data-id=\"7b141789\" data-element_type=\"widget\" data-e-type=\"widget\" data-widget_type=\"heading.default\">\n\t\t\t\t<div class=\"elementor-widget-container\">\n\t\t\t\t\t<h2 class=\"elementor-heading-title elementor-size-default\">le camping Dransfeld<\/h2>\t\t\t\t<\/div>\n\t\t\t\t<\/div>\n\t\t\t\t\t<\/div>\n\t\t<\/div>\n\t\t\t\t<div class=\"elementor-column elementor-col-50 elementor-top-column elementor-element elementor-element-3d24c74a\" data-id=\"3d24c74a\" data-element_type=\"column\" data-e-type=\"column\" data-settings=\"{&quot;background_background&quot;:&quot;classic&quot;}\">\n\t\t\t<div class=\"elementor-widget-wrap elementor-element-populated\">\n\t\t\t\t\t\t<div class=\"elementor-element elementor-element-6090ad0 elementor-widget elementor-widget-text-editor\" data-id=\"6090ad0\" data-element_type=\"widget\" data-e-type=\"widget\" data-widget_type=\"text-editor.default\">\n\t\t\t\t<div class=\"elementor-widget-container\">\n\t\t\t\t\t\t\t\t\t<p>Si vous cherchez un camping, nous avons un conseil pour vous ici \u00e0 Dransfeld : Le camping 5 \u00e9toiles \u00ab\u00a0Am Hohen Hagen\u00a0\u00bb est situ\u00e9 entre des prairies en pente douce \u00e0 la lisi\u00e8re de la for\u00eat et a tout ce dont vous avez besoin pour des vacances parfaites. Profitez-y de vacances nature. En haute saison, la piscine aventure est m\u00eame incluse ! De l\u00e0, vous pouvez m\u00eame rejoindre \u00e0 pied le Fl\u00fctjerhof et ses p\u00e2turages.<\/p>\t\t\t\t\t\t\t\t<\/div>\n\t\t\t\t<\/div>\n\t\t\t\t<div class=\"elementor-element elementor-element-4e2d362e elementor-align-left elementor-mobile-align-center elementor-widget elementor-widget-button\" data-id=\"4e2d362e\" data-element_type=\"widget\" data-e-type=\"widget\" data-widget_type=\"button.default\">\n\t\t\t\t<div class=\"elementor-widget-container\">\n\t\t\t\t\t\t\t\t\t<div class=\"elementor-button-wrapper\">\n\t\t\t\t\t<a class=\"elementor-button elementor-button-link elementor-size-md elementor-animation-grow\" href=\"https:\/\/www.campingplatz-dransfeld.de\/\">\n\t\t\t\t\t\t<span class=\"elementor-button-content-wrapper\">\n\t\t\t\t\t\t\t\t\t<span class=\"elementor-button-text\">C'est le chemin vers le camping 5* Dransfeld<\/span>\n\t\t\t\t\t<\/span>\n\t\t\t\t\t<\/a>\n\t\t\t\t<\/div>\n\t\t\t\t\t\t\t\t<\/div>\n\t\t\t\t<\/div>\n\t\t\t\t\t<\/div>\n\t\t<\/div>\n\t\t\t\t\t<\/div>\n\t\t<\/section>\n\t\t\t\t<\/div>\n\t\t","protected":false},"excerpt":{"rendered":"<p>\u00e0 propos de nous Le Fl\u00fctjerhof Le Fl\u00fctjerhof Murs de fondation de 2,5 m &#8211; reconstruction apr\u00e8s le grand incendie de Dransfeld en 1884. Reprise de l&rsquo;ancienne propri\u00e9t\u00e9 familiale Dransfeld en 2010 par Ingo Volkmer et Maren Cuckson. Amoureusement restaur\u00e9 &#8211; jamais termin\u00e9 &#8211; nouvelles lignes d&rsquo;eau et d&rsquo;\u00e9lectricit\u00e9, nouvelles salles de bains, fen\u00eatres et [&hellip;]<\/p>\n","protected":false},"author":1,"featured_media":0,"parent":0,"menu_order":0,"comment_status":"closed","ping_status":"closed","template":"elementor_header_footer","meta":{"ocean_post_layout":"","ocean_both_sidebars_style":"","ocean_both_sidebars_content_width":0,"ocean_both_sidebars_sidebars_width":0,"ocean_sidebar":"","ocean_second_sidebar":"","ocean_disable_margins":"enable","ocean_add_body_class":"","ocean_shortcode_before_top_bar":"","ocean_shortcode_after_top_bar":"","ocean_shortcode_before_header":"","ocean_shortcode_after_header":"","ocean_has_shortcode":"","ocean_shortcode_after_title":"","ocean_shortcode_before_footer_widgets":"","ocean_shortcode_after_footer_widgets":"","ocean_shortcode_before_footer_bottom":"","ocean_shortcode_after_footer_bottom":"","ocean_display_top_bar":"default","ocean_display_header":"default","ocean_header_style":"","ocean_center_header_left_menu":"","ocean_custom_header_template":"","ocean_custom_logo":0,"ocean_custom_retina_logo":0,"ocean_custom_logo_max_width":0,"ocean_custom_logo_tablet_max_width":0,"ocean_custom_logo_mobile_max_width":0,"ocean_custom_logo_max_height":0,"ocean_custom_logo_tablet_max_height":0,"ocean_custom_logo_mobile_max_height":0,"ocean_header_custom_menu":"","ocean_menu_typo_font_family":"","ocean_menu_typo_font_subset":"","ocean_menu_typo_font_size":0,"ocean_menu_typo_font_size_tablet":0,"ocean_menu_typo_font_size_mobile":0,"ocean_menu_typo_font_size_unit":"px","ocean_menu_typo_font_weight":"","ocean_menu_typo_font_weight_tablet":"","ocean_menu_typo_font_weight_mobile":"","ocean_menu_typo_transform":"","ocean_menu_typo_transform_tablet":"","ocean_menu_typo_transform_mobile":"","ocean_menu_typo_line_height":0,"ocean_menu_typo_line_height_tablet":0,"ocean_menu_typo_line_height_mobile":0,"ocean_menu_typo_line_height_unit":"","ocean_menu_typo_spacing":0,"ocean_menu_typo_spacing_tablet":0,"ocean_menu_typo_spacing_mobile":0,"ocean_menu_typo_spacing_unit":"","ocean_menu_link_color":"","ocean_menu_link_color_hover":"","ocean_menu_link_color_active":"","ocean_menu_link_background":"","ocean_menu_link_hover_background":"","ocean_menu_link_active_background":"","ocean_menu_social_links_bg":"","ocean_menu_social_hover_links_bg":"","ocean_menu_social_links_color":"","ocean_menu_social_hover_links_color":"","ocean_disable_title":"default","ocean_disable_heading":"default","ocean_post_title":"","ocean_post_subheading":"","ocean_post_title_style":"","ocean_post_title_background_color":"","ocean_post_title_background":0,"ocean_post_title_bg_image_position":"","ocean_post_title_bg_image_attachment":"","ocean_post_title_bg_image_repeat":"","ocean_post_title_bg_image_size":"","ocean_post_title_height":0,"ocean_post_title_bg_overlay":0.5,"ocean_post_title_bg_overlay_color":"","ocean_disable_breadcrumbs":"default","ocean_breadcrumbs_color":"","ocean_breadcrumbs_separator_color":"","ocean_breadcrumbs_links_color":"","ocean_breadcrumbs_links_hover_color":"","ocean_display_footer_widgets":"default","ocean_display_footer_bottom":"default","ocean_custom_footer_template":"","_themeisle_gutenberg_block_has_review":false,"footnotes":""},"class_list":["post-1663","page","type-page","status-publish","hentry","entry"],"yoast_head":"<!-- This site is optimized with the Yoast SEO plugin v27.3 - https:\/\/yoast.com\/product\/yoast-seo-wordpress\/ -->\n<title>\u00e0 propos de nous - Fl\u00fctjerhof - dein Hof zum Anfassen<\/title>\n<meta name=\"description\" content=\"Un tr\u00e8s bref aper\u00e7u du Fl\u00fctjerhof. Le lien Google Map vers la description de l&#039;itin\u00e9raire.\" \/>\n<meta name=\"robots\" content=\"index, follow, max-snippet:-1, max-image-preview:large, max-video-preview:-1\" \/>\n<link rel=\"canonical\" href=\"https:\/\/www.fluetjerhof.de\/fr\/a-propos-de-nous\/\" \/>\n<meta property=\"og:locale\" content=\"fr_FR\" \/>\n<meta property=\"og:type\" content=\"article\" \/>\n<meta property=\"og:title\" content=\"\u00e0 propos de nous - Fl\u00fctjerhof - dein Hof zum Anfassen\" \/>\n<meta property=\"og:description\" content=\"Un tr\u00e8s bref aper\u00e7u du Fl\u00fctjerhof. Le lien Google Map vers la description de l&#039;itin\u00e9raire.\" \/>\n<meta property=\"og:url\" content=\"https:\/\/www.fluetjerhof.de\/fr\/a-propos-de-nous\/\" \/>\n<meta property=\"og:site_name\" content=\"Fl\u00fctjerhof - dein Hof zum Anfassen\" \/>\n<meta property=\"article:modified_time\" content=\"2022-04-18T09:29:01+00:00\" \/>\n<meta property=\"og:image\" content=\"https:\/\/www.fluetjerhof.de\/wp-content\/uploads\/2020\/04\/maren-logo-palette18-2-e1587047212785-300x292.jpg\" \/>\n<meta name=\"twitter:card\" content=\"summary_large_image\" \/>\n<meta name=\"twitter:label1\" content=\"Dur\u00e9e de lecture estim\u00e9e\" \/>\n\t<meta name=\"twitter:data1\" content=\"2 minutes\" \/>\n<script type=\"application\/ld+json\" class=\"yoast-schema-graph\">{\"@context\":\"https:\\\/\\\/schema.org\",\"@graph\":[{\"@type\":\"WebPage\",\"@id\":\"https:\\\/\\\/www.fluetjerhof.de\\\/fr\\\/a-propos-de-nous\\\/\",\"url\":\"https:\\\/\\\/www.fluetjerhof.de\\\/fr\\\/a-propos-de-nous\\\/\",\"name\":\"\u00e0 propos de nous - Fl\u00fctjerhof - dein Hof zum Anfassen\",\"isPartOf\":{\"@id\":\"https:\\\/\\\/www.fluetjerhof.de\\\/fr\\\/#website\"},\"primaryImageOfPage\":{\"@id\":\"https:\\\/\\\/www.fluetjerhof.de\\\/fr\\\/a-propos-de-nous\\\/#primaryimage\"},\"image\":{\"@id\":\"https:\\\/\\\/www.fluetjerhof.de\\\/fr\\\/a-propos-de-nous\\\/#primaryimage\"},\"thumbnailUrl\":\"https:\\\/\\\/www.fluetjerhof.de\\\/wp-content\\\/uploads\\\/2020\\\/04\\\/maren-logo-palette18-2-e1587047212785-300x292.jpg\",\"datePublished\":\"2020-03-13T10:52:41+00:00\",\"dateModified\":\"2022-04-18T09:29:01+00:00\",\"description\":\"Un tr\u00e8s bref aper\u00e7u du Fl\u00fctjerhof. Le lien Google Map vers la description de l'itin\u00e9raire.\",\"breadcrumb\":{\"@id\":\"https:\\\/\\\/www.fluetjerhof.de\\\/fr\\\/a-propos-de-nous\\\/#breadcrumb\"},\"inLanguage\":\"fr-FR\",\"potentialAction\":[{\"@type\":\"ReadAction\",\"target\":[\"https:\\\/\\\/www.fluetjerhof.de\\\/fr\\\/a-propos-de-nous\\\/\"]}]},{\"@type\":\"ImageObject\",\"inLanguage\":\"fr-FR\",\"@id\":\"https:\\\/\\\/www.fluetjerhof.de\\\/fr\\\/a-propos-de-nous\\\/#primaryimage\",\"url\":\"https:\\\/\\\/www.fluetjerhof.de\\\/wp-content\\\/uploads\\\/2020\\\/04\\\/maren-logo-palette18-2-e1587047212785-300x292.jpg\",\"contentUrl\":\"https:\\\/\\\/www.fluetjerhof.de\\\/wp-content\\\/uploads\\\/2020\\\/04\\\/maren-logo-palette18-2-e1587047212785-300x292.jpg\"},{\"@type\":\"BreadcrumbList\",\"@id\":\"https:\\\/\\\/www.fluetjerhof.de\\\/fr\\\/a-propos-de-nous\\\/#breadcrumb\",\"itemListElement\":[{\"@type\":\"ListItem\",\"position\":1,\"name\":\"Startseite\",\"item\":\"https:\\\/\\\/www.fluetjerhof.de\\\/fr\\\/\"},{\"@type\":\"ListItem\",\"position\":2,\"name\":\"\u00e0 propos de nous\"}]},{\"@type\":\"WebSite\",\"@id\":\"https:\\\/\\\/www.fluetjerhof.de\\\/fr\\\/#website\",\"url\":\"https:\\\/\\\/www.fluetjerhof.de\\\/fr\\\/\",\"name\":\"Fl\u00fctjerhof - dein Hof zum Anfassen\",\"description\":\"Kuhkuscheln, Pferde und mehr\",\"publisher\":{\"@id\":\"https:\\\/\\\/www.fluetjerhof.de\\\/fr\\\/#organization\"},\"potentialAction\":[{\"@type\":\"SearchAction\",\"target\":{\"@type\":\"EntryPoint\",\"urlTemplate\":\"https:\\\/\\\/www.fluetjerhof.de\\\/fr\\\/?s={search_term_string}\"},\"query-input\":{\"@type\":\"PropertyValueSpecification\",\"valueRequired\":true,\"valueName\":\"search_term_string\"}}],\"inLanguage\":\"fr-FR\"},{\"@type\":\"Organization\",\"@id\":\"https:\\\/\\\/www.fluetjerhof.de\\\/fr\\\/#organization\",\"name\":\"Fl\u00fctjerhof - dein Hof zum Anfassen\",\"url\":\"https:\\\/\\\/www.fluetjerhof.de\\\/fr\\\/\",\"logo\":{\"@type\":\"ImageObject\",\"inLanguage\":\"fr-FR\",\"@id\":\"https:\\\/\\\/www.fluetjerhof.de\\\/fr\\\/#\\\/schema\\\/logo\\\/image\\\/\",\"url\":\"https:\\\/\\\/www.fluetjerhof.de\\\/wp-content\\\/uploads\\\/2020\\\/04\\\/maren-logo-transparent-xs2.png\",\"contentUrl\":\"https:\\\/\\\/www.fluetjerhof.de\\\/wp-content\\\/uploads\\\/2020\\\/04\\\/maren-logo-transparent-xs2.png\",\"width\":120,\"height\":130,\"caption\":\"Fl\u00fctjerhof - dein Hof zum Anfassen\"},\"image\":{\"@id\":\"https:\\\/\\\/www.fluetjerhof.de\\\/fr\\\/#\\\/schema\\\/logo\\\/image\\\/\"}}]}<\/script>\n<!-- \/ Yoast SEO plugin. -->","yoast_head_json":{"title":"\u00e0 propos de nous - Fl\u00fctjerhof - dein Hof zum Anfassen","description":"Un tr\u00e8s bref aper\u00e7u du Fl\u00fctjerhof. Le lien Google Map vers la description de l'itin\u00e9raire.","robots":{"index":"index","follow":"follow","max-snippet":"max-snippet:-1","max-image-preview":"max-image-preview:large","max-video-preview":"max-video-preview:-1"},"canonical":"https:\/\/www.fluetjerhof.de\/fr\/a-propos-de-nous\/","og_locale":"fr_FR","og_type":"article","og_title":"\u00e0 propos de nous - Fl\u00fctjerhof - dein Hof zum Anfassen","og_description":"Un tr\u00e8s bref aper\u00e7u du Fl\u00fctjerhof. Le lien Google Map vers la description de l'itin\u00e9raire.","og_url":"https:\/\/www.fluetjerhof.de\/fr\/a-propos-de-nous\/","og_site_name":"Fl\u00fctjerhof - dein Hof zum Anfassen","article_modified_time":"2022-04-18T09:29:01+00:00","og_image":[{"url":"https:\/\/www.fluetjerhof.de\/wp-content\/uploads\/2020\/04\/maren-logo-palette18-2-e1587047212785-300x292.jpg","type":"","width":"","height":""}],"twitter_card":"summary_large_image","twitter_misc":{"Dur\u00e9e de lecture estim\u00e9e":"2 minutes"},"schema":{"@context":"https:\/\/schema.org","@graph":[{"@type":"WebPage","@id":"https:\/\/www.fluetjerhof.de\/fr\/a-propos-de-nous\/","url":"https:\/\/www.fluetjerhof.de\/fr\/a-propos-de-nous\/","name":"\u00e0 propos de nous - Fl\u00fctjerhof - dein Hof zum Anfassen","isPartOf":{"@id":"https:\/\/www.fluetjerhof.de\/fr\/#website"},"primaryImageOfPage":{"@id":"https:\/\/www.fluetjerhof.de\/fr\/a-propos-de-nous\/#primaryimage"},"image":{"@id":"https:\/\/www.fluetjerhof.de\/fr\/a-propos-de-nous\/#primaryimage"},"thumbnailUrl":"https:\/\/www.fluetjerhof.de\/wp-content\/uploads\/2020\/04\/maren-logo-palette18-2-e1587047212785-300x292.jpg","datePublished":"2020-03-13T10:52:41+00:00","dateModified":"2022-04-18T09:29:01+00:00","description":"Un tr\u00e8s bref aper\u00e7u du Fl\u00fctjerhof. Le lien Google Map vers la description de l'itin\u00e9raire.","breadcrumb":{"@id":"https:\/\/www.fluetjerhof.de\/fr\/a-propos-de-nous\/#breadcrumb"},"inLanguage":"fr-FR","potentialAction":[{"@type":"ReadAction","target":["https:\/\/www.fluetjerhof.de\/fr\/a-propos-de-nous\/"]}]},{"@type":"ImageObject","inLanguage":"fr-FR","@id":"https:\/\/www.fluetjerhof.de\/fr\/a-propos-de-nous\/#primaryimage","url":"https:\/\/www.fluetjerhof.de\/wp-content\/uploads\/2020\/04\/maren-logo-palette18-2-e1587047212785-300x292.jpg","contentUrl":"https:\/\/www.fluetjerhof.de\/wp-content\/uploads\/2020\/04\/maren-logo-palette18-2-e1587047212785-300x292.jpg"},{"@type":"BreadcrumbList","@id":"https:\/\/www.fluetjerhof.de\/fr\/a-propos-de-nous\/#breadcrumb","itemListElement":[{"@type":"ListItem","position":1,"name":"Startseite","item":"https:\/\/www.fluetjerhof.de\/fr\/"},{"@type":"ListItem","position":2,"name":"\u00e0 propos de nous"}]},{"@type":"WebSite","@id":"https:\/\/www.fluetjerhof.de\/fr\/#website","url":"https:\/\/www.fluetjerhof.de\/fr\/","name":"Fl\u00fctjerhof - dein Hof zum Anfassen","description":"Kuhkuscheln, Pferde und mehr","publisher":{"@id":"https:\/\/www.fluetjerhof.de\/fr\/#organization"},"potentialAction":[{"@type":"SearchAction","target":{"@type":"EntryPoint","urlTemplate":"https:\/\/www.fluetjerhof.de\/fr\/?s={search_term_string}"},"query-input":{"@type":"PropertyValueSpecification","valueRequired":true,"valueName":"search_term_string"}}],"inLanguage":"fr-FR"},{"@type":"Organization","@id":"https:\/\/www.fluetjerhof.de\/fr\/#organization","name":"Fl\u00fctjerhof - dein Hof zum Anfassen","url":"https:\/\/www.fluetjerhof.de\/fr\/","logo":{"@type":"ImageObject","inLanguage":"fr-FR","@id":"https:\/\/www.fluetjerhof.de\/fr\/#\/schema\/logo\/image\/","url":"https:\/\/www.fluetjerhof.de\/wp-content\/uploads\/2020\/04\/maren-logo-transparent-xs2.png","contentUrl":"https:\/\/www.fluetjerhof.de\/wp-content\/uploads\/2020\/04\/maren-logo-transparent-xs2.png","width":120,"height":130,"caption":"Fl\u00fctjerhof - dein Hof zum Anfassen"},"image":{"@id":"https:\/\/www.fluetjerhof.de\/fr\/#\/schema\/logo\/image\/"}}]}},"_links":{"self":[{"href":"https:\/\/www.fluetjerhof.de\/fr\/wp-json\/wp\/v2\/pages\/1663","targetHints":{"allow":["GET"]}}],"collection":[{"href":"https:\/\/www.fluetjerhof.de\/fr\/wp-json\/wp\/v2\/pages"}],"about":[{"href":"https:\/\/www.fluetjerhof.de\/fr\/wp-json\/wp\/v2\/types\/page"}],"author":[{"embeddable":true,"href":"https:\/\/www.fluetjerhof.de\/fr\/wp-json\/wp\/v2\/users\/1"}],"replies":[{"embeddable":true,"href":"https:\/\/www.fluetjerhof.de\/fr\/wp-json\/wp\/v2\/comments?post=1663"}],"version-history":[{"count":4,"href":"https:\/\/www.fluetjerhof.de\/fr\/wp-json\/wp\/v2\/pages\/1663\/revisions"}],"predecessor-version":[{"id":2624,"href":"https:\/\/www.fluetjerhof.de\/fr\/wp-json\/wp\/v2\/pages\/1663\/revisions\/2624"}],"wp:attachment":[{"href":"https:\/\/www.fluetjerhof.de\/fr\/wp-json\/wp\/v2\/media?parent=1663"}],"curies":[{"name":"wp","href":"https:\/\/api.w.org\/{rel}","templated":true}]}}