{"id":1817,"date":"2020-04-13T20:21:49","date_gmt":"2020-04-13T18:21:49","guid":{"rendered":"https:\/\/www.fluetjerhof.de\/introduction-de-lintervention-assistee-par-lanimal\/"},"modified":"2022-04-17T14:12:56","modified_gmt":"2022-04-17T12:12:56","slug":"introduction-de-lintervention-assistee-par-lanimal","status":"publish","type":"page","link":"https:\/\/www.fluetjerhof.de\/fr\/introduction-de-lintervention-assistee-par-lanimal\/","title":{"rendered":"Introduction de l&rsquo;intervention assist\u00e9e par l&rsquo;animal"},"content":{"rendered":"\t\t<div data-elementor-type=\"wp-page\" data-elementor-id=\"1817\" class=\"elementor elementor-1817 elementor-595\">\n\t\t\t\t\t\t<section class=\"elementor-section elementor-top-section elementor-element elementor-element-1bfe419a elementor-section-height-min-height elementor-section-boxed elementor-section-height-default elementor-section-items-middle\" data-id=\"1bfe419a\" data-element_type=\"section\" data-e-type=\"section\" data-settings=\"{&quot;background_background&quot;:&quot;classic&quot;}\">\n\t\t\t\t\t\t\t<div class=\"elementor-background-overlay\"><\/div>\n\t\t\t\t\t\t\t<div class=\"elementor-container elementor-column-gap-default\">\n\t\t\t\t\t<div class=\"elementor-column elementor-col-50 elementor-top-column elementor-element elementor-element-39fb3ab7 elementor-hidden-tablet elementor-hidden-phone\" data-id=\"39fb3ab7\" data-element_type=\"column\" data-e-type=\"column\">\n\t\t\t<div class=\"elementor-widget-wrap\">\n\t\t\t\t\t\t\t<\/div>\n\t\t<\/div>\n\t\t\t\t<div class=\"elementor-column elementor-col-50 elementor-top-column elementor-element elementor-element-5d1d2ca0 mehrpadding\" data-id=\"5d1d2ca0\" data-element_type=\"column\" data-e-type=\"column\" data-settings=\"{&quot;background_background&quot;:&quot;classic&quot;}\">\n\t\t\t<div class=\"elementor-widget-wrap elementor-element-populated\">\n\t\t\t\t\t\t<div class=\"elementor-element elementor-element-2d2211fa elementor-widget elementor-widget-heading\" data-id=\"2d2211fa\" data-element_type=\"widget\" data-e-type=\"widget\" data-widget_type=\"heading.default\">\n\t\t\t\t<div class=\"elementor-widget-container\">\n\t\t\t\t\t<h1 class=\"elementor-heading-title elementor-size-default\">EBOOK GRATUIT<\/h1>\t\t\t\t<\/div>\n\t\t\t\t<\/div>\n\t\t\t\t<div class=\"elementor-element elementor-element-4bc86763 elementor-widget elementor-widget-heading\" data-id=\"4bc86763\" data-element_type=\"widget\" data-e-type=\"widget\" data-widget_type=\"heading.default\">\n\t\t\t\t<div class=\"elementor-widget-container\">\n\t\t\t\t\t<h2 class=\"elementor-heading-title elementor-size-default\">Intervention assist\u00e9e par des animaux<\/h2>\t\t\t\t<\/div>\n\t\t\t\t<\/div>\n\t\t\t\t<div class=\"elementor-element elementor-element-141f7934 elementor-widget elementor-widget-text-editor\" data-id=\"141f7934\" data-element_type=\"widget\" data-e-type=\"widget\" data-widget_type=\"text-editor.default\">\n\t\t\t\t<div class=\"elementor-widget-container\">\n\t\t\t\t\t\t\t\t\t<p>Une br\u00e8ve d\u00e9finition<\/p>\t\t\t\t\t\t\t\t<\/div>\n\t\t\t\t<\/div>\n\t\t\t\t<div class=\"elementor-element elementor-element-6d7e909c elementor-align-left elementor-tablet-align-center elementor-widget elementor-widget-button\" data-id=\"6d7e909c\" data-element_type=\"widget\" data-e-type=\"widget\" data-widget_type=\"button.default\">\n\t\t\t\t<div class=\"elementor-widget-container\">\n\t\t\t\t\t\t\t\t\t<div class=\"elementor-button-wrapper\">\n\t\t\t\t\t<a class=\"elementor-button elementor-button-link elementor-size-md elementor-animation-grow\" href=\"https:\/\/www.fluetjerhof.de\/?page_id=595&#038;preview=true\" target=\"_blank\">\n\t\t\t\t\t\t<span class=\"elementor-button-content-wrapper\">\n\t\t\t\t\t\t\t\t\t<span class=\"elementor-button-text\">Oui, je souhaite recevoir l'introduction gratuitement !<\/span>\n\t\t\t\t\t<\/span>\n\t\t\t\t\t<\/a>\n\t\t\t\t<\/div>\n\t\t\t\t\t\t\t\t<\/div>\n\t\t\t\t<\/div>\n\t\t\t\t\t<\/div>\n\t\t<\/div>\n\t\t\t\t\t<\/div>\n\t\t<\/section>\n\t\t\t\t<section class=\"elementor-section elementor-top-section elementor-element elementor-element-1a4c10f9 elementor-section-boxed elementor-section-height-default elementor-section-height-default\" data-id=\"1a4c10f9\" data-element_type=\"section\" data-e-type=\"section\" data-settings=\"{&quot;background_background&quot;:&quot;classic&quot;}\">\n\t\t\t\t\t\t<div class=\"elementor-container elementor-column-gap-default\">\n\t\t\t\t\t<div class=\"elementor-column elementor-col-100 elementor-top-column elementor-element elementor-element-4fa179c3\" data-id=\"4fa179c3\" data-element_type=\"column\" data-e-type=\"column\" data-settings=\"{&quot;background_background&quot;:&quot;classic&quot;}\">\n\t\t\t<div class=\"elementor-widget-wrap elementor-element-populated\">\n\t\t\t\t\t\t<div class=\"elementor-element elementor-element-20dbf744 elementor-widget elementor-widget-text-editor\" data-id=\"20dbf744\" data-element_type=\"widget\" data-e-type=\"widget\" data-widget_type=\"text-editor.default\">\n\t\t\t\t<div class=\"elementor-widget-container\">\n\t\t\t\t\t\t\t\t\t<p><a href=\"https:\/\/www.fluetjerhof.de\/fr\/?page_id=1760\">Mentions l\u00e9gales<\/a> | <a href=\"https:\/\/www.fluetjerhof.de\/fr\/?page_id=1812\">Protection des donn\u00e9es<\/a><\/p>\t\t\t\t\t\t\t\t<\/div>\n\t\t\t\t<\/div>\n\t\t\t\t\t<\/div>\n\t\t<\/div>\n\t\t\t\t\t<\/div>\n\t\t<\/section>\n\t\t\t\t<\/div>\n\t\t","protected":false},"excerpt":{"rendered":"<p>EBOOK GRATUIT Intervention assist\u00e9e par des animaux Une br\u00e8ve d\u00e9finition Oui, je souhaite recevoir l&rsquo;introduction gratuitement ! Mentions l\u00e9gales | Protection des donn\u00e9es<\/p>\n","protected":false},"author":1,"featured_media":0,"parent":0,"menu_order":0,"comment_status":"closed","ping_status":"closed","template":"elementor_canvas","meta":{"ocean_post_layout":"","ocean_both_sidebars_style":"","ocean_both_sidebars_content_width":0,"ocean_both_sidebars_sidebars_width":0,"ocean_sidebar":"","ocean_second_sidebar":"","ocean_disable_margins":"enable","ocean_add_body_class":"","ocean_shortcode_before_top_bar":"","ocean_shortcode_after_top_bar":"","ocean_shortcode_before_header":"","ocean_shortcode_after_header":"","ocean_has_shortcode":"","ocean_shortcode_after_title":"","ocean_shortcode_before_footer_widgets":"","ocean_shortcode_after_footer_widgets":"","ocean_shortcode_before_footer_bottom":"","ocean_shortcode_after_footer_bottom":"","ocean_display_top_bar":"default","ocean_display_header":"default","ocean_header_style":"","ocean_center_header_left_menu":"","ocean_custom_header_template":"","ocean_custom_logo":0,"ocean_custom_retina_logo":0,"ocean_custom_logo_max_width":0,"ocean_custom_logo_tablet_max_width":0,"ocean_custom_logo_mobile_max_width":0,"ocean_custom_logo_max_height":0,"ocean_custom_logo_tablet_max_height":0,"ocean_custom_logo_mobile_max_height":0,"ocean_header_custom_menu":"","ocean_menu_typo_font_family":"","ocean_menu_typo_font_subset":"","ocean_menu_typo_font_size":0,"ocean_menu_typo_font_size_tablet":0,"ocean_menu_typo_font_size_mobile":0,"ocean_menu_typo_font_size_unit":"px","ocean_menu_typo_font_weight":"","ocean_menu_typo_font_weight_tablet":"","ocean_menu_typo_font_weight_mobile":"","ocean_menu_typo_transform":"","ocean_menu_typo_transform_tablet":"","ocean_menu_typo_transform_mobile":"","ocean_menu_typo_line_height":0,"ocean_menu_typo_line_height_tablet":0,"ocean_menu_typo_line_height_mobile":0,"ocean_menu_typo_line_height_unit":"","ocean_menu_typo_spacing":0,"ocean_menu_typo_spacing_tablet":0,"ocean_menu_typo_spacing_mobile":0,"ocean_menu_typo_spacing_unit":"","ocean_menu_link_color":"","ocean_menu_link_color_hover":"","ocean_menu_link_color_active":"","ocean_menu_link_background":"","ocean_menu_link_hover_background":"","ocean_menu_link_active_background":"","ocean_menu_social_links_bg":"","ocean_menu_social_hover_links_bg":"","ocean_menu_social_links_color":"","ocean_menu_social_hover_links_color":"","ocean_disable_title":"default","ocean_disable_heading":"default","ocean_post_title":"","ocean_post_subheading":"","ocean_post_title_style":"","ocean_post_title_background_color":"","ocean_post_title_background":0,"ocean_post_title_bg_image_position":"","ocean_post_title_bg_image_attachment":"","ocean_post_title_bg_image_repeat":"","ocean_post_title_bg_image_size":"","ocean_post_title_height":0,"ocean_post_title_bg_overlay":0.5,"ocean_post_title_bg_overlay_color":"","ocean_disable_breadcrumbs":"default","ocean_breadcrumbs_color":"","ocean_breadcrumbs_separator_color":"","ocean_breadcrumbs_links_color":"","ocean_breadcrumbs_links_hover_color":"","ocean_display_footer_widgets":"default","ocean_display_footer_bottom":"default","ocean_custom_footer_template":"","_themeisle_gutenberg_block_has_review":false,"footnotes":""},"class_list":["post-1817","page","type-page","status-publish","hentry","entry"],"yoast_head":"<!-- This site is optimized with the Yoast SEO plugin v27.3 - https:\/\/yoast.com\/product\/yoast-seo-wordpress\/ -->\n<title>Introduction de l&#039;intervention assist\u00e9e par l&#039;animal - Fl\u00fctjerhof - dein Hof zum Anfassen<\/title>\n<meta name=\"description\" content=\"Interventions assist\u00e9es par des animaux - Pourquoi sont-elles pour moi ou mes enfants ? D\u00e9finition des interventions assist\u00e9es par l&#039;animal.\" \/>\n<meta name=\"robots\" content=\"index, follow, max-snippet:-1, max-image-preview:large, max-video-preview:-1\" \/>\n<link rel=\"canonical\" href=\"https:\/\/www.fluetjerhof.de\/fr\/introduction-de-lintervention-assistee-par-lanimal\/\" \/>\n<meta property=\"og:locale\" content=\"fr_FR\" \/>\n<meta property=\"og:type\" content=\"article\" \/>\n<meta property=\"og:title\" content=\"Introduction de l&#039;intervention assist\u00e9e par l&#039;animal - Fl\u00fctjerhof - dein Hof zum Anfassen\" \/>\n<meta property=\"og:description\" content=\"Interventions assist\u00e9es par des animaux - Pourquoi sont-elles pour moi ou mes enfants ? D\u00e9finition des interventions assist\u00e9es par l&#039;animal.\" \/>\n<meta property=\"og:url\" content=\"https:\/\/www.fluetjerhof.de\/fr\/introduction-de-lintervention-assistee-par-lanimal\/\" \/>\n<meta property=\"og:site_name\" content=\"Fl\u00fctjerhof - dein Hof zum Anfassen\" \/>\n<meta property=\"article:modified_time\" content=\"2022-04-17T12:12:56+00:00\" \/>\n<meta name=\"twitter:card\" content=\"summary_large_image\" \/>\n<script type=\"application\/ld+json\" class=\"yoast-schema-graph\">{\"@context\":\"https:\\\/\\\/schema.org\",\"@graph\":[{\"@type\":\"WebPage\",\"@id\":\"https:\\\/\\\/www.fluetjerhof.de\\\/fr\\\/introduction-de-lintervention-assistee-par-lanimal\\\/\",\"url\":\"https:\\\/\\\/www.fluetjerhof.de\\\/fr\\\/introduction-de-lintervention-assistee-par-lanimal\\\/\",\"name\":\"Introduction de l'intervention assist\u00e9e par l'animal - Fl\u00fctjerhof - dein Hof zum Anfassen\",\"isPartOf\":{\"@id\":\"https:\\\/\\\/www.fluetjerhof.de\\\/fr\\\/#website\"},\"datePublished\":\"2020-04-13T18:21:49+00:00\",\"dateModified\":\"2022-04-17T12:12:56+00:00\",\"description\":\"Interventions assist\u00e9es par des animaux - Pourquoi sont-elles pour moi ou mes enfants ? D\u00e9finition des interventions assist\u00e9es par l'animal.\",\"breadcrumb\":{\"@id\":\"https:\\\/\\\/www.fluetjerhof.de\\\/fr\\\/introduction-de-lintervention-assistee-par-lanimal\\\/#breadcrumb\"},\"inLanguage\":\"fr-FR\",\"potentialAction\":[{\"@type\":\"ReadAction\",\"target\":[\"https:\\\/\\\/www.fluetjerhof.de\\\/fr\\\/introduction-de-lintervention-assistee-par-lanimal\\\/\"]}]},{\"@type\":\"BreadcrumbList\",\"@id\":\"https:\\\/\\\/www.fluetjerhof.de\\\/fr\\\/introduction-de-lintervention-assistee-par-lanimal\\\/#breadcrumb\",\"itemListElement\":[{\"@type\":\"ListItem\",\"position\":1,\"name\":\"Startseite\",\"item\":\"https:\\\/\\\/www.fluetjerhof.de\\\/fr\\\/\"},{\"@type\":\"ListItem\",\"position\":2,\"name\":\"Introduction de l&#8217;intervention assist\u00e9e par l&#8217;animal\"}]},{\"@type\":\"WebSite\",\"@id\":\"https:\\\/\\\/www.fluetjerhof.de\\\/fr\\\/#website\",\"url\":\"https:\\\/\\\/www.fluetjerhof.de\\\/fr\\\/\",\"name\":\"Fl\u00fctjerhof - dein Hof zum Anfassen\",\"description\":\"Kuhkuscheln, Pferde und mehr\",\"publisher\":{\"@id\":\"https:\\\/\\\/www.fluetjerhof.de\\\/fr\\\/#organization\"},\"potentialAction\":[{\"@type\":\"SearchAction\",\"target\":{\"@type\":\"EntryPoint\",\"urlTemplate\":\"https:\\\/\\\/www.fluetjerhof.de\\\/fr\\\/?s={search_term_string}\"},\"query-input\":{\"@type\":\"PropertyValueSpecification\",\"valueRequired\":true,\"valueName\":\"search_term_string\"}}],\"inLanguage\":\"fr-FR\"},{\"@type\":\"Organization\",\"@id\":\"https:\\\/\\\/www.fluetjerhof.de\\\/fr\\\/#organization\",\"name\":\"Fl\u00fctjerhof - dein Hof zum Anfassen\",\"url\":\"https:\\\/\\\/www.fluetjerhof.de\\\/fr\\\/\",\"logo\":{\"@type\":\"ImageObject\",\"inLanguage\":\"fr-FR\",\"@id\":\"https:\\\/\\\/www.fluetjerhof.de\\\/fr\\\/#\\\/schema\\\/logo\\\/image\\\/\",\"url\":\"https:\\\/\\\/www.fluetjerhof.de\\\/wp-content\\\/uploads\\\/2020\\\/04\\\/maren-logo-transparent-xs2.png\",\"contentUrl\":\"https:\\\/\\\/www.fluetjerhof.de\\\/wp-content\\\/uploads\\\/2020\\\/04\\\/maren-logo-transparent-xs2.png\",\"width\":120,\"height\":130,\"caption\":\"Fl\u00fctjerhof - dein Hof zum Anfassen\"},\"image\":{\"@id\":\"https:\\\/\\\/www.fluetjerhof.de\\\/fr\\\/#\\\/schema\\\/logo\\\/image\\\/\"}}]}<\/script>\n<!-- \/ Yoast SEO plugin. -->","yoast_head_json":{"title":"Introduction de l'intervention assist\u00e9e par l'animal - Fl\u00fctjerhof - dein Hof zum Anfassen","description":"Interventions assist\u00e9es par des animaux - Pourquoi sont-elles pour moi ou mes enfants ? D\u00e9finition des interventions assist\u00e9es par l'animal.","robots":{"index":"index","follow":"follow","max-snippet":"max-snippet:-1","max-image-preview":"max-image-preview:large","max-video-preview":"max-video-preview:-1"},"canonical":"https:\/\/www.fluetjerhof.de\/fr\/introduction-de-lintervention-assistee-par-lanimal\/","og_locale":"fr_FR","og_type":"article","og_title":"Introduction de l'intervention assist\u00e9e par l'animal - Fl\u00fctjerhof - dein Hof zum Anfassen","og_description":"Interventions assist\u00e9es par des animaux - Pourquoi sont-elles pour moi ou mes enfants ? D\u00e9finition des interventions assist\u00e9es par l'animal.","og_url":"https:\/\/www.fluetjerhof.de\/fr\/introduction-de-lintervention-assistee-par-lanimal\/","og_site_name":"Fl\u00fctjerhof - dein Hof zum Anfassen","article_modified_time":"2022-04-17T12:12:56+00:00","twitter_card":"summary_large_image","schema":{"@context":"https:\/\/schema.org","@graph":[{"@type":"WebPage","@id":"https:\/\/www.fluetjerhof.de\/fr\/introduction-de-lintervention-assistee-par-lanimal\/","url":"https:\/\/www.fluetjerhof.de\/fr\/introduction-de-lintervention-assistee-par-lanimal\/","name":"Introduction de l'intervention assist\u00e9e par l'animal - Fl\u00fctjerhof - dein Hof zum Anfassen","isPartOf":{"@id":"https:\/\/www.fluetjerhof.de\/fr\/#website"},"datePublished":"2020-04-13T18:21:49+00:00","dateModified":"2022-04-17T12:12:56+00:00","description":"Interventions assist\u00e9es par des animaux - Pourquoi sont-elles pour moi ou mes enfants ? D\u00e9finition des interventions assist\u00e9es par l'animal.","breadcrumb":{"@id":"https:\/\/www.fluetjerhof.de\/fr\/introduction-de-lintervention-assistee-par-lanimal\/#breadcrumb"},"inLanguage":"fr-FR","potentialAction":[{"@type":"ReadAction","target":["https:\/\/www.fluetjerhof.de\/fr\/introduction-de-lintervention-assistee-par-lanimal\/"]}]},{"@type":"BreadcrumbList","@id":"https:\/\/www.fluetjerhof.de\/fr\/introduction-de-lintervention-assistee-par-lanimal\/#breadcrumb","itemListElement":[{"@type":"ListItem","position":1,"name":"Startseite","item":"https:\/\/www.fluetjerhof.de\/fr\/"},{"@type":"ListItem","position":2,"name":"Introduction de l&#8217;intervention assist\u00e9e par l&#8217;animal"}]},{"@type":"WebSite","@id":"https:\/\/www.fluetjerhof.de\/fr\/#website","url":"https:\/\/www.fluetjerhof.de\/fr\/","name":"Fl\u00fctjerhof - dein Hof zum Anfassen","description":"Kuhkuscheln, Pferde und mehr","publisher":{"@id":"https:\/\/www.fluetjerhof.de\/fr\/#organization"},"potentialAction":[{"@type":"SearchAction","target":{"@type":"EntryPoint","urlTemplate":"https:\/\/www.fluetjerhof.de\/fr\/?s={search_term_string}"},"query-input":{"@type":"PropertyValueSpecification","valueRequired":true,"valueName":"search_term_string"}}],"inLanguage":"fr-FR"},{"@type":"Organization","@id":"https:\/\/www.fluetjerhof.de\/fr\/#organization","name":"Fl\u00fctjerhof - dein Hof zum Anfassen","url":"https:\/\/www.fluetjerhof.de\/fr\/","logo":{"@type":"ImageObject","inLanguage":"fr-FR","@id":"https:\/\/www.fluetjerhof.de\/fr\/#\/schema\/logo\/image\/","url":"https:\/\/www.fluetjerhof.de\/wp-content\/uploads\/2020\/04\/maren-logo-transparent-xs2.png","contentUrl":"https:\/\/www.fluetjerhof.de\/wp-content\/uploads\/2020\/04\/maren-logo-transparent-xs2.png","width":120,"height":130,"caption":"Fl\u00fctjerhof - dein Hof zum Anfassen"},"image":{"@id":"https:\/\/www.fluetjerhof.de\/fr\/#\/schema\/logo\/image\/"}}]}},"_links":{"self":[{"href":"https:\/\/www.fluetjerhof.de\/fr\/wp-json\/wp\/v2\/pages\/1817","targetHints":{"allow":["GET"]}}],"collection":[{"href":"https:\/\/www.fluetjerhof.de\/fr\/wp-json\/wp\/v2\/pages"}],"about":[{"href":"https:\/\/www.fluetjerhof.de\/fr\/wp-json\/wp\/v2\/types\/page"}],"author":[{"embeddable":true,"href":"https:\/\/www.fluetjerhof.de\/fr\/wp-json\/wp\/v2\/users\/1"}],"replies":[{"embeddable":true,"href":"https:\/\/www.fluetjerhof.de\/fr\/wp-json\/wp\/v2\/comments?post=1817"}],"version-history":[{"count":2,"href":"https:\/\/www.fluetjerhof.de\/fr\/wp-json\/wp\/v2\/pages\/1817\/revisions"}],"predecessor-version":[{"id":1822,"href":"https:\/\/www.fluetjerhof.de\/fr\/wp-json\/wp\/v2\/pages\/1817\/revisions\/1822"}],"wp:attachment":[{"href":"https:\/\/www.fluetjerhof.de\/fr\/wp-json\/wp\/v2\/media?parent=1817"}],"curies":[{"name":"wp","href":"https:\/\/api.w.org\/{rel}","templated":true}]}}