{"id":3129,"date":"2022-05-01T17:56:58","date_gmt":"2022-05-01T15:56:58","guid":{"rendered":"https:\/\/www.fluetjerhof.de\/oui-je-veux-etre-parrain\/"},"modified":"2022-05-01T18:02:27","modified_gmt":"2022-05-01T16:02:27","slug":"oui-je-veux-etre-parrain","status":"publish","type":"page","link":"https:\/\/www.fluetjerhof.de\/fr\/oui-je-veux-etre-parrain\/","title":{"rendered":"Oui, je veux \u00eatre parrain"},"content":{"rendered":"\t\t<div data-elementor-type=\"wp-page\" data-elementor-id=\"3129\" class=\"elementor elementor-3129 elementor-3098\">\n\t\t\t\t\t\t<section class=\"elementor-section elementor-top-section elementor-element elementor-element-17984a83 elementor-section-boxed elementor-section-height-default elementor-section-height-default\" data-id=\"17984a83\" data-element_type=\"section\" data-e-type=\"section\">\n\t\t\t\t\t\t<div class=\"elementor-container elementor-column-gap-default\">\n\t\t\t\t\t<div class=\"elementor-column elementor-col-100 elementor-top-column elementor-element elementor-element-1964684f\" data-id=\"1964684f\" data-element_type=\"column\" data-e-type=\"column\">\n\t\t\t<div class=\"elementor-widget-wrap elementor-element-populated\">\n\t\t\t\t\t\t<div class=\"elementor-element elementor-element-30b2480 elementor-widget elementor-widget-text-editor\" data-id=\"30b2480\" data-element_type=\"widget\" data-e-type=\"widget\" data-widget_type=\"text-editor.default\">\n\t\t\t\t<div class=\"elementor-widget-container\">\n\t\t\t\t\t\t\t\t\t<p>Je souhaite devenir parrain. Parce que je trouve ton travail et tes animaux merveilleux et je veux te soutenir. #C\u00e2lins de vache &#8211; pour les apprenants avanc\u00e9s.<\/p>\n<p>Que ce soit comme bon d&rsquo;achat, pour un anniversaire, pour dire au revoir, pour un mariage ou juste comme \u00e7a.<\/p>\n<p>Il est librement s\u00e9lectionnable s&rsquo;il est unique<\/p>\n<p>convient mieux ou pas<\/p>\n<p>de fa\u00e7on r\u00e9guli\u00e8re. Qu&rsquo;il soit limit\u00e9 dans le temps<\/p>\n<p>ou illimit\u00e9<\/p>\n<p>et peut \u00eatre annul\u00e9 mensuellement \u00e0 tout moment.<\/p>\n<p>Quoi qu&rsquo;il en soit, chaque petite contribution<\/p>\n<p>bienvenue \ud83d\ude42<\/p>\n<p> <\/p>\n<p> <\/p>\n<p> <\/p>\n<p> <\/p>\n<p> <\/p>\n<p> <\/p>\n<p> <\/p>\t\t\t\t\t\t\t\t<\/div>\n\t\t\t\t<\/div>\n\t\t\t\t\t<\/div>\n\t\t<\/div>\n\t\t\t\t\t<\/div>\n\t\t<\/section>\n\t\t\t\t<section class=\"elementor-section elementor-top-section elementor-element elementor-element-c00289c elementor-section-boxed elementor-section-height-default elementor-section-height-default\" data-id=\"c00289c\" data-element_type=\"section\" data-e-type=\"section\">\n\t\t\t\t\t\t<div class=\"elementor-container elementor-column-gap-default\">\n\t\t\t\t\t<div class=\"elementor-column elementor-col-100 elementor-top-column elementor-element elementor-element-617d6e0\" data-id=\"617d6e0\" data-element_type=\"column\" data-e-type=\"column\">\n\t\t\t<div class=\"elementor-widget-wrap elementor-element-populated\">\n\t\t\t\t\t\t<div class=\"elementor-element elementor-element-7ba4967 elementor-widget elementor-widget-image\" data-id=\"7ba4967\" data-element_type=\"widget\" data-e-type=\"widget\" data-widget_type=\"image.default\">\n\t\t\t\t<div class=\"elementor-widget-container\">\n\t\t\t\t\t\t\t\t\t\t\t\t\t\t\t<img fetchpriority=\"high\" decoding=\"async\" width=\"400\" height=\"300\" src=\"https:\/\/www.fluetjerhof.de\/wp-content\/uploads\/2022\/05\/Fluetjerhof-Tilda-und-Lissi-Mai-2022-1.jpg\" class=\"attachment-large size-large wp-image-3119\" alt=\"\" srcset=\"https:\/\/www.fluetjerhof.de\/wp-content\/uploads\/2022\/05\/Fluetjerhof-Tilda-und-Lissi-Mai-2022-1.jpg 400w, https:\/\/www.fluetjerhof.de\/wp-content\/uploads\/2022\/05\/Fluetjerhof-Tilda-und-Lissi-Mai-2022-1-300x225.jpg 300w\" sizes=\"(max-width: 400px) 100vw, 400px\" \/>\t\t\t\t\t\t\t\t\t\t\t\t\t\t\t<\/div>\n\t\t\t\t<\/div>\n\t\t\t\t\t<\/div>\n\t\t<\/div>\n\t\t\t\t\t<\/div>\n\t\t<\/section>\n\t\t\t\t<\/div>\n\t\t","protected":false},"excerpt":{"rendered":"<p>Je souhaite devenir parrain. Parce que je trouve ton travail et tes animaux merveilleux et je veux te soutenir. #C\u00e2lins de vache &#8211; pour les apprenants avanc\u00e9s. Que ce soit comme bon d&rsquo;achat, pour un anniversaire, pour dire au revoir, pour un mariage ou juste comme \u00e7a. Il est librement s\u00e9lectionnable s&rsquo;il est unique convient [&hellip;]<\/p>\n","protected":false},"author":1,"featured_media":0,"parent":0,"menu_order":0,"comment_status":"open","ping_status":"closed","template":"","meta":{"ocean_post_layout":"","ocean_both_sidebars_style":"","ocean_both_sidebars_content_width":0,"ocean_both_sidebars_sidebars_width":0,"ocean_sidebar":"","ocean_second_sidebar":"","ocean_disable_margins":"enable","ocean_add_body_class":"","ocean_shortcode_before_top_bar":"","ocean_shortcode_after_top_bar":"","ocean_shortcode_before_header":"","ocean_shortcode_after_header":"","ocean_has_shortcode":"","ocean_shortcode_after_title":"","ocean_shortcode_before_footer_widgets":"","ocean_shortcode_after_footer_widgets":"","ocean_shortcode_before_footer_bottom":"","ocean_shortcode_after_footer_bottom":"","ocean_display_top_bar":"default","ocean_display_header":"default","ocean_header_style":"","ocean_center_header_left_menu":"","ocean_custom_header_template":"","ocean_custom_logo":0,"ocean_custom_retina_logo":0,"ocean_custom_logo_max_width":0,"ocean_custom_logo_tablet_max_width":0,"ocean_custom_logo_mobile_max_width":0,"ocean_custom_logo_max_height":0,"ocean_custom_logo_tablet_max_height":0,"ocean_custom_logo_mobile_max_height":0,"ocean_header_custom_menu":"","ocean_menu_typo_font_family":"","ocean_menu_typo_font_subset":"","ocean_menu_typo_font_size":0,"ocean_menu_typo_font_size_tablet":0,"ocean_menu_typo_font_size_mobile":0,"ocean_menu_typo_font_size_unit":"px","ocean_menu_typo_font_weight":"","ocean_menu_typo_font_weight_tablet":"","ocean_menu_typo_font_weight_mobile":"","ocean_menu_typo_transform":"","ocean_menu_typo_transform_tablet":"","ocean_menu_typo_transform_mobile":"","ocean_menu_typo_line_height":0,"ocean_menu_typo_line_height_tablet":0,"ocean_menu_typo_line_height_mobile":0,"ocean_menu_typo_line_height_unit":"","ocean_menu_typo_spacing":0,"ocean_menu_typo_spacing_tablet":0,"ocean_menu_typo_spacing_mobile":0,"ocean_menu_typo_spacing_unit":"","ocean_menu_link_color":"","ocean_menu_link_color_hover":"","ocean_menu_link_color_active":"","ocean_menu_link_background":"","ocean_menu_link_hover_background":"","ocean_menu_link_active_background":"","ocean_menu_social_links_bg":"","ocean_menu_social_hover_links_bg":"","ocean_menu_social_links_color":"","ocean_menu_social_hover_links_color":"","ocean_disable_title":"default","ocean_disable_heading":"default","ocean_post_title":"","ocean_post_subheading":"","ocean_post_title_style":"","ocean_post_title_background_color":"","ocean_post_title_background":0,"ocean_post_title_bg_image_position":"","ocean_post_title_bg_image_attachment":"","ocean_post_title_bg_image_repeat":"","ocean_post_title_bg_image_size":"","ocean_post_title_height":0,"ocean_post_title_bg_overlay":0.5,"ocean_post_title_bg_overlay_color":"","ocean_disable_breadcrumbs":"default","ocean_breadcrumbs_color":"","ocean_breadcrumbs_separator_color":"","ocean_breadcrumbs_links_color":"","ocean_breadcrumbs_links_hover_color":"","ocean_display_footer_widgets":"default","ocean_display_footer_bottom":"default","ocean_custom_footer_template":"","_themeisle_gutenberg_block_has_review":false,"footnotes":""},"class_list":["post-3129","page","type-page","status-publish","hentry","entry"],"yoast_head":"<!-- This site is optimized with the Yoast SEO plugin v27.3 - https:\/\/yoast.com\/product\/yoast-seo-wordpress\/ -->\n<title>Oui, je veux \u00eatre parrain - Fl\u00fctjerhof - dein Hof zum Anfassen<\/title>\n<meta name=\"description\" content=\"Ma vache et moi Mes exp\u00e9riences particuli\u00e8res avec ma vache. C\u00e2lins de vache avanc\u00e9s. #c\u00e2lins\" \/>\n<meta name=\"robots\" content=\"index, follow, max-snippet:-1, max-image-preview:large, max-video-preview:-1\" \/>\n<link rel=\"canonical\" href=\"https:\/\/www.fluetjerhof.de\/fr\/oui-je-veux-etre-parrain\/\" \/>\n<meta property=\"og:locale\" content=\"fr_FR\" \/>\n<meta property=\"og:type\" content=\"article\" \/>\n<meta property=\"og:title\" content=\"Oui, je veux \u00eatre parrain - Fl\u00fctjerhof - dein Hof zum Anfassen\" \/>\n<meta property=\"og:description\" content=\"Ma vache et moi Mes exp\u00e9riences particuli\u00e8res avec ma vache. C\u00e2lins de vache avanc\u00e9s. #c\u00e2lins\" \/>\n<meta property=\"og:url\" content=\"https:\/\/www.fluetjerhof.de\/fr\/oui-je-veux-etre-parrain\/\" \/>\n<meta property=\"og:site_name\" content=\"Fl\u00fctjerhof - dein Hof zum Anfassen\" \/>\n<meta property=\"article:modified_time\" content=\"2022-05-01T16:02:27+00:00\" \/>\n<meta property=\"og:image\" content=\"https:\/\/www.fluetjerhof.de\/wp-content\/uploads\/2022\/05\/Fluetjerhof-Tilda-und-Lissi-Mai-2022-1.jpg\" \/>\n<meta name=\"twitter:card\" content=\"summary_large_image\" \/>\n<script type=\"application\/ld+json\" class=\"yoast-schema-graph\">{\"@context\":\"https:\\\/\\\/schema.org\",\"@graph\":[{\"@type\":\"WebPage\",\"@id\":\"https:\\\/\\\/www.fluetjerhof.de\\\/fr\\\/oui-je-veux-etre-parrain\\\/\",\"url\":\"https:\\\/\\\/www.fluetjerhof.de\\\/fr\\\/oui-je-veux-etre-parrain\\\/\",\"name\":\"Oui, je veux \u00eatre parrain - Fl\u00fctjerhof - dein Hof zum Anfassen\",\"isPartOf\":{\"@id\":\"https:\\\/\\\/www.fluetjerhof.de\\\/fr\\\/#website\"},\"primaryImageOfPage\":{\"@id\":\"https:\\\/\\\/www.fluetjerhof.de\\\/fr\\\/oui-je-veux-etre-parrain\\\/#primaryimage\"},\"image\":{\"@id\":\"https:\\\/\\\/www.fluetjerhof.de\\\/fr\\\/oui-je-veux-etre-parrain\\\/#primaryimage\"},\"thumbnailUrl\":\"https:\\\/\\\/www.fluetjerhof.de\\\/wp-content\\\/uploads\\\/2022\\\/05\\\/Fluetjerhof-Tilda-und-Lissi-Mai-2022-1.jpg\",\"datePublished\":\"2022-05-01T15:56:58+00:00\",\"dateModified\":\"2022-05-01T16:02:27+00:00\",\"description\":\"Ma vache et moi Mes exp\u00e9riences particuli\u00e8res avec ma vache. C\u00e2lins de vache avanc\u00e9s. #c\u00e2lins\",\"breadcrumb\":{\"@id\":\"https:\\\/\\\/www.fluetjerhof.de\\\/fr\\\/oui-je-veux-etre-parrain\\\/#breadcrumb\"},\"inLanguage\":\"fr-FR\",\"potentialAction\":[{\"@type\":\"ReadAction\",\"target\":[\"https:\\\/\\\/www.fluetjerhof.de\\\/fr\\\/oui-je-veux-etre-parrain\\\/\"]}]},{\"@type\":\"ImageObject\",\"inLanguage\":\"fr-FR\",\"@id\":\"https:\\\/\\\/www.fluetjerhof.de\\\/fr\\\/oui-je-veux-etre-parrain\\\/#primaryimage\",\"url\":\"https:\\\/\\\/www.fluetjerhof.de\\\/wp-content\\\/uploads\\\/2022\\\/05\\\/Fluetjerhof-Tilda-und-Lissi-Mai-2022-1.jpg\",\"contentUrl\":\"https:\\\/\\\/www.fluetjerhof.de\\\/wp-content\\\/uploads\\\/2022\\\/05\\\/Fluetjerhof-Tilda-und-Lissi-Mai-2022-1.jpg\"},{\"@type\":\"BreadcrumbList\",\"@id\":\"https:\\\/\\\/www.fluetjerhof.de\\\/fr\\\/oui-je-veux-etre-parrain\\\/#breadcrumb\",\"itemListElement\":[{\"@type\":\"ListItem\",\"position\":1,\"name\":\"Startseite\",\"item\":\"https:\\\/\\\/www.fluetjerhof.de\\\/fr\\\/\"},{\"@type\":\"ListItem\",\"position\":2,\"name\":\"Oui, je veux \u00eatre parrain\"}]},{\"@type\":\"WebSite\",\"@id\":\"https:\\\/\\\/www.fluetjerhof.de\\\/fr\\\/#website\",\"url\":\"https:\\\/\\\/www.fluetjerhof.de\\\/fr\\\/\",\"name\":\"Fl\u00fctjerhof - dein Hof zum Anfassen\",\"description\":\"Kuhkuscheln, Pferde und mehr\",\"publisher\":{\"@id\":\"https:\\\/\\\/www.fluetjerhof.de\\\/fr\\\/#organization\"},\"potentialAction\":[{\"@type\":\"SearchAction\",\"target\":{\"@type\":\"EntryPoint\",\"urlTemplate\":\"https:\\\/\\\/www.fluetjerhof.de\\\/fr\\\/?s={search_term_string}\"},\"query-input\":{\"@type\":\"PropertyValueSpecification\",\"valueRequired\":true,\"valueName\":\"search_term_string\"}}],\"inLanguage\":\"fr-FR\"},{\"@type\":\"Organization\",\"@id\":\"https:\\\/\\\/www.fluetjerhof.de\\\/fr\\\/#organization\",\"name\":\"Fl\u00fctjerhof - dein Hof zum Anfassen\",\"url\":\"https:\\\/\\\/www.fluetjerhof.de\\\/fr\\\/\",\"logo\":{\"@type\":\"ImageObject\",\"inLanguage\":\"fr-FR\",\"@id\":\"https:\\\/\\\/www.fluetjerhof.de\\\/fr\\\/#\\\/schema\\\/logo\\\/image\\\/\",\"url\":\"https:\\\/\\\/www.fluetjerhof.de\\\/wp-content\\\/uploads\\\/2020\\\/04\\\/maren-logo-transparent-xs2.png\",\"contentUrl\":\"https:\\\/\\\/www.fluetjerhof.de\\\/wp-content\\\/uploads\\\/2020\\\/04\\\/maren-logo-transparent-xs2.png\",\"width\":120,\"height\":130,\"caption\":\"Fl\u00fctjerhof - dein Hof zum Anfassen\"},\"image\":{\"@id\":\"https:\\\/\\\/www.fluetjerhof.de\\\/fr\\\/#\\\/schema\\\/logo\\\/image\\\/\"}}]}<\/script>\n<!-- \/ Yoast SEO plugin. -->","yoast_head_json":{"title":"Oui, je veux \u00eatre parrain - Fl\u00fctjerhof - dein Hof zum Anfassen","description":"Ma vache et moi Mes exp\u00e9riences particuli\u00e8res avec ma vache. C\u00e2lins de vache avanc\u00e9s. #c\u00e2lins","robots":{"index":"index","follow":"follow","max-snippet":"max-snippet:-1","max-image-preview":"max-image-preview:large","max-video-preview":"max-video-preview:-1"},"canonical":"https:\/\/www.fluetjerhof.de\/fr\/oui-je-veux-etre-parrain\/","og_locale":"fr_FR","og_type":"article","og_title":"Oui, je veux \u00eatre parrain - Fl\u00fctjerhof - dein Hof zum Anfassen","og_description":"Ma vache et moi Mes exp\u00e9riences particuli\u00e8res avec ma vache. C\u00e2lins de vache avanc\u00e9s. #c\u00e2lins","og_url":"https:\/\/www.fluetjerhof.de\/fr\/oui-je-veux-etre-parrain\/","og_site_name":"Fl\u00fctjerhof - dein Hof zum Anfassen","article_modified_time":"2022-05-01T16:02:27+00:00","og_image":[{"url":"https:\/\/www.fluetjerhof.de\/wp-content\/uploads\/2022\/05\/Fluetjerhof-Tilda-und-Lissi-Mai-2022-1.jpg","type":"","width":"","height":""}],"twitter_card":"summary_large_image","schema":{"@context":"https:\/\/schema.org","@graph":[{"@type":"WebPage","@id":"https:\/\/www.fluetjerhof.de\/fr\/oui-je-veux-etre-parrain\/","url":"https:\/\/www.fluetjerhof.de\/fr\/oui-je-veux-etre-parrain\/","name":"Oui, je veux \u00eatre parrain - Fl\u00fctjerhof - dein Hof zum Anfassen","isPartOf":{"@id":"https:\/\/www.fluetjerhof.de\/fr\/#website"},"primaryImageOfPage":{"@id":"https:\/\/www.fluetjerhof.de\/fr\/oui-je-veux-etre-parrain\/#primaryimage"},"image":{"@id":"https:\/\/www.fluetjerhof.de\/fr\/oui-je-veux-etre-parrain\/#primaryimage"},"thumbnailUrl":"https:\/\/www.fluetjerhof.de\/wp-content\/uploads\/2022\/05\/Fluetjerhof-Tilda-und-Lissi-Mai-2022-1.jpg","datePublished":"2022-05-01T15:56:58+00:00","dateModified":"2022-05-01T16:02:27+00:00","description":"Ma vache et moi Mes exp\u00e9riences particuli\u00e8res avec ma vache. C\u00e2lins de vache avanc\u00e9s. #c\u00e2lins","breadcrumb":{"@id":"https:\/\/www.fluetjerhof.de\/fr\/oui-je-veux-etre-parrain\/#breadcrumb"},"inLanguage":"fr-FR","potentialAction":[{"@type":"ReadAction","target":["https:\/\/www.fluetjerhof.de\/fr\/oui-je-veux-etre-parrain\/"]}]},{"@type":"ImageObject","inLanguage":"fr-FR","@id":"https:\/\/www.fluetjerhof.de\/fr\/oui-je-veux-etre-parrain\/#primaryimage","url":"https:\/\/www.fluetjerhof.de\/wp-content\/uploads\/2022\/05\/Fluetjerhof-Tilda-und-Lissi-Mai-2022-1.jpg","contentUrl":"https:\/\/www.fluetjerhof.de\/wp-content\/uploads\/2022\/05\/Fluetjerhof-Tilda-und-Lissi-Mai-2022-1.jpg"},{"@type":"BreadcrumbList","@id":"https:\/\/www.fluetjerhof.de\/fr\/oui-je-veux-etre-parrain\/#breadcrumb","itemListElement":[{"@type":"ListItem","position":1,"name":"Startseite","item":"https:\/\/www.fluetjerhof.de\/fr\/"},{"@type":"ListItem","position":2,"name":"Oui, je veux \u00eatre parrain"}]},{"@type":"WebSite","@id":"https:\/\/www.fluetjerhof.de\/fr\/#website","url":"https:\/\/www.fluetjerhof.de\/fr\/","name":"Fl\u00fctjerhof - dein Hof zum Anfassen","description":"Kuhkuscheln, Pferde und mehr","publisher":{"@id":"https:\/\/www.fluetjerhof.de\/fr\/#organization"},"potentialAction":[{"@type":"SearchAction","target":{"@type":"EntryPoint","urlTemplate":"https:\/\/www.fluetjerhof.de\/fr\/?s={search_term_string}"},"query-input":{"@type":"PropertyValueSpecification","valueRequired":true,"valueName":"search_term_string"}}],"inLanguage":"fr-FR"},{"@type":"Organization","@id":"https:\/\/www.fluetjerhof.de\/fr\/#organization","name":"Fl\u00fctjerhof - dein Hof zum Anfassen","url":"https:\/\/www.fluetjerhof.de\/fr\/","logo":{"@type":"ImageObject","inLanguage":"fr-FR","@id":"https:\/\/www.fluetjerhof.de\/fr\/#\/schema\/logo\/image\/","url":"https:\/\/www.fluetjerhof.de\/wp-content\/uploads\/2020\/04\/maren-logo-transparent-xs2.png","contentUrl":"https:\/\/www.fluetjerhof.de\/wp-content\/uploads\/2020\/04\/maren-logo-transparent-xs2.png","width":120,"height":130,"caption":"Fl\u00fctjerhof - dein Hof zum Anfassen"},"image":{"@id":"https:\/\/www.fluetjerhof.de\/fr\/#\/schema\/logo\/image\/"}}]}},"_links":{"self":[{"href":"https:\/\/www.fluetjerhof.de\/fr\/wp-json\/wp\/v2\/pages\/3129","targetHints":{"allow":["GET"]}}],"collection":[{"href":"https:\/\/www.fluetjerhof.de\/fr\/wp-json\/wp\/v2\/pages"}],"about":[{"href":"https:\/\/www.fluetjerhof.de\/fr\/wp-json\/wp\/v2\/types\/page"}],"author":[{"embeddable":true,"href":"https:\/\/www.fluetjerhof.de\/fr\/wp-json\/wp\/v2\/users\/1"}],"replies":[{"embeddable":true,"href":"https:\/\/www.fluetjerhof.de\/fr\/wp-json\/wp\/v2\/comments?post=3129"}],"version-history":[{"count":2,"href":"https:\/\/www.fluetjerhof.de\/fr\/wp-json\/wp\/v2\/pages\/3129\/revisions"}],"predecessor-version":[{"id":3132,"href":"https:\/\/www.fluetjerhof.de\/fr\/wp-json\/wp\/v2\/pages\/3129\/revisions\/3132"}],"wp:attachment":[{"href":"https:\/\/www.fluetjerhof.de\/fr\/wp-json\/wp\/v2\/media?parent=3129"}],"curies":[{"name":"wp","href":"https:\/\/api.w.org\/{rel}","templated":true}]}}